{"id":4350,"date":"2022-03-21T19:18:06","date_gmt":"2022-03-21T17:18:06","guid":{"rendered":"https:\/\/www.albajunyent.com\/demos\/mercatoria\/aviso-legal\/"},"modified":"2022-12-05T12:22:18","modified_gmt":"2022-12-05T10:22:18","slug":"aviso-legal","status":"publish","type":"page","link":"https:\/\/www.mercatoria.es\/ca\/aviso-legal\/","title":{"rendered":"Av\u00eds legal"},"content":{"rendered":"\t\t<div data-elementor-type=\"wp-page\" data-elementor-id=\"4350\" class=\"elementor elementor-4350 elementor-3052\">\n\t\t\t\t\t\t<section class=\"elementor-section elementor-top-section elementor-element elementor-element-d74bb3a elementor-section-boxed elementor-section-height-default elementor-section-height-default\" data-id=\"d74bb3a\" data-element_type=\"section\" data-settings=\"{&quot;background_background&quot;:&quot;classic&quot;}\">\r\n\t\t\t\t\t\t\t<div class=\"elementor-background-overlay\"><\/div>\r\n\t\t\t\t\t\t\t<div class=\"elementor-container elementor-column-gap-thegem\"><div class=\"elementor-row\">\r\n\t\t\t\t\t<div class=\"elementor-column elementor-col-100 elementor-top-column elementor-element elementor-element-497f1eee bg_square\" data-id=\"497f1eee\" data-element_type=\"column\" data-settings=\"{&quot;background_background&quot;:&quot;classic&quot;}\">\n\t\t\t<div class=\"elementor-widget-wrap elementor-element-populated\">\n\t\t\t\t\t\t<div class=\"elementor-element elementor-element-779f8d0 flex-horizontal-align-default flex-horizontal-align-tablet-default flex-horizontal-align-mobile-default flex-vertical-align-default flex-vertical-align-tablet-default flex-vertical-align-mobile-default elementor-widget elementor-widget-heading\" data-id=\"779f8d0\" data-element_type=\"widget\" data-widget_type=\"heading.default\">\n\t\t\t\t<div class=\"elementor-widget-container\">\n\t\t\t\t\t<div class=\"default elementor-heading-title elementor-size-default\">Av\u00eds legal<\/div>\t\t\t\t<\/div>\n\t\t\t\t<\/div>\n\t\t\t\t\t<\/div>\n\t\t<\/div>\n\t\t\t\t\t<\/div><\/div>\r\n\t\t<\/section>\r\n\t\t\t\t<section class=\"elementor-section elementor-top-section elementor-element elementor-element-1aae552c elementor-section-boxed elementor-section-height-default elementor-section-height-default\" data-id=\"1aae552c\" data-element_type=\"section\">\r\n\t\t\t\t\t\t<div class=\"elementor-container elementor-column-gap-thegem\"><div class=\"elementor-row\">\r\n\t\t\t\t\t<div class=\"elementor-column elementor-col-100 elementor-top-column elementor-element elementor-element-4354f5f8\" data-id=\"4354f5f8\" data-element_type=\"column\">\n\t\t\t<div class=\"elementor-widget-wrap elementor-element-populated\">\n\t\t\t\t\t\t<div class=\"elementor-element elementor-element-2268aa2f flex-horizontal-align-default flex-horizontal-align-tablet-default flex-horizontal-align-mobile-default flex-vertical-align-default flex-vertical-align-tablet-default flex-vertical-align-mobile-default elementor-widget elementor-widget-text-editor\" data-id=\"2268aa2f\" data-element_type=\"widget\" data-widget_type=\"text-editor.default\">\n\t\t\t\t<div class=\"elementor-widget-container\">\n\t\t\t\t\t\t\t\t\t\t\t\t<div class=\"elementor-text-editor elementor-clearfix\">\r\n\t\t\t\t\t\t<p><strong>1. Informaci\u00f3 general<\/strong><br \/>Aquest Av\u00eds Legal ha estat elaborat amb respecte i compliment de les disposicions recollides al Reglament (UE) 2016\/679 del Parlament Europeu i del Consell de 27 d&#8217;abril de 2016 (RGPD), a la Llei Org\u00e0nica 3\/2018, de 5 de desembre, de Protecci\u00f3 de Dades Personals i garantia dels drets digitals (\u201cLOPD-GDD\u201d), a la Llei 34\/2002, d&#8217;11 de Juliol, de Serveis de la Societat de la Informaci\u00f3 i de Comer\u00e7 Electr\u00f2nic i resta de normativa de desenvolupament.<\/p><p>Aquest Av\u00eds Legal regula l&#8217;\u00fas i la utilitzaci\u00f3 del Portal, al qual s&#8217;accedeix a trav\u00e9s de l&#8217;adre\u00e7a d&#8217;Internet www.mercatoria.es.<\/p><p>Aquesta p\u00e0gina web ha estat dissenyada per donar a con\u00e8ixer la informaci\u00f3, activitats i serveis oferts per MERCATORIA ADVOCATS.<\/p><p>La utilitzaci\u00f3 del Portal us atribueix la condici\u00f3 d&#8217;usuari (d&#8217;ara endavant, l&#8217;Usuari) i implica l&#8217;acceptaci\u00f3 de totes les condicions incloses en aquest Av\u00eds Legal, l&#8217;Usuari ha de llegir atentament aquest Av\u00eds Legal en cadascuna de les ocasions en qu\u00e8 es proposi utilitzar el Portal, ja que les condicions d&#8217;\u00fas poden patir modificacions.<\/p><p>L&#8217;acc\u00e9s al Portal \u00e9s lliure i gratu\u00eft llevat del cost de la connexi\u00f3 a trav\u00e9s de la xarxa de telecomunicacions subministrada pel prove\u00efdor d&#8217;acc\u00e9s contractat pels usuaris.<\/p><p>La durada del present acord t\u00e9 un car\u00e0cter limitat a la utilitzaci\u00f3 de Portal, en conseq\u00fc\u00e8ncia, el contracte finalitzar\u00e0 en el moment en qu\u00e8 els Usuaris es desconnectin del Portal.<\/p><p><strong>2. Utilitzaci\u00f3 del portal<\/strong><br \/>L&#8217;Usuari ha de fer un \u00fas correcte del Portal de conformitat amb la Llei i aquest Av\u00eds Legal, havent de respondre dels danys i perjudicis que poguessin causar-se com a conseq\u00fc\u00e8ncia de l&#8217;incompliment de la dita obligaci\u00f3.<\/p><p>En cas que l&#8217;Usuari vulgui enviar el seu CV a MERCAT\u00d2RIA ADVOCATS a trav\u00e9s del Portal, haur\u00e0 de completar les dades que se li requereixin al formulari de recollida de dades. Els camps s\u00f3n de compliment obligat perqu\u00e8 la candidatura pugui ser tinguda en compte en un proc\u00e9s de selecci\u00f3 i, el seu \u00fas es troba sotm\u00e8s a la pol\u00edtica de privadesa.<\/p><p>Aix\u00ed mateix, la informaci\u00f3 que faciliti l&#8217;usuari a trav\u00e9s dels diversos formularis de contacte del Portal haur\u00e0 de ser vera\u00e7. Aix\u00ed, doncs, l&#8217;Usuari garanteix l&#8217;autenticitat de totes aquelles dades que comuniqui i s&#8217;obliga a mantenir la informaci\u00f3 facilitada a MERCATORIA ADVOCATS perfectament actualitzada de manera que respongui, en tot moment, a la situaci\u00f3 real de l&#8217;Usuari, essent l&#8217;\u00fanic responsable de les manifestacions falses o inexactes que realitzi i dels perjudicis que causi a MERCAT\u00d2RIA ADVOCATS oa tercers per la informaci\u00f3 que faciliti.<\/p><p><strong>3. Enlla\u00e7os<\/strong><\/p><p>En cas que un usuari d&#8217;internet introdueixi un enlla\u00e7 des de la seva pr\u00f2pia p\u00e0gina web al Portal, l&#8217;enlla\u00e7 \u00fanicament vincular\u00e0 amb la p\u00e0gina principal del Portal, per\u00f2 no podr\u00e0 reproduir-la de cap manera, i, en cas que es visualitzin els continguts del Portal amb continguts aliens a aquest, aquests continguts aliens no podran induir a error, confusi\u00f3 o engany als Usuaris sobre la proced\u00e8ncia dels continguts del Portal, ni suposar un acte de comparaci\u00f3 o imitaci\u00f3 deslleial o un aprofitament de la reputaci\u00f3 de MERCATORIA ADVOCATS .<\/p><p>No es realitzar\u00e0 des de la p\u00e0gina que introdueix l&#8217;enlla\u00e7 cap tipus de manifestaci\u00f3 falsa o inexacta sobre MERCAT\u00d2RIA ADVOCATS els seus socis, empleats o clients, ni s&#8217;indicar\u00e0 en aquesta p\u00e0gina que tenen el consentiment de MERCAT\u00d2RIA ADVOCATS per a la inserci\u00f3 de l&#8217;enlla\u00e7, o que MERCAT\u00d2RIA ADVOCATS t\u00e9 alguna relaci\u00f3 o col\u00b7laboraci\u00f3 amb aquesta p\u00e0gina.<\/p><p>Excepte en els casos permesos per la llei o expressament autoritzats per MERCATORIA ADVOCATS, sempre que es permeti un enlla\u00e7 directe amb el Portal, queda prohibida la utilitzaci\u00f3 de qualsevol marca o qualsevol altre signe distintiu de MERCAT\u00d2RIA ADVOCATS, dins de la p\u00e0gina on es trobe el enlla\u00e7.<\/p><p>La p\u00e0gina que estableixi l&#8217;enlla\u00e7 haur\u00e0 de complir la llei i no disposar o enlla\u00e7ar amb continguts il\u00b7l\u00edcits o contraris a la moral i als bons costums.<\/p><p>Per la seva banda, el mateix Portal pot incloure dispositius t\u00e8cnics denlla\u00e7 que permeten a lUsuari accedir a altres p\u00e0gines i portals dInternet, actuant MERCATORIA ADVOCATS com a prestador de serveis dintermediaci\u00f3 de conformitat amb larticle 17 de la Llei 34\/2002, de 11 de juliol, de Serveis de la Societat de la Informaci\u00f3 i de Comer\u00e7 Electr\u00f2nic, per la qual cosa nom\u00e9s ser\u00e0 responsable dels continguts i serveis subministrats als llocs enlla\u00e7ats en cas que havent tingut coneixement efectiu, en la forma prevista per la Llei de Serveis de la Societat de la Informaci\u00f3, de la il\u00b7licitud no n&#8217;hagi desactivat l&#8217;enlla\u00e7.<\/p><p>L&#8217;exist\u00e8ncia de llocs enlla\u00e7ats no suposa que hi hagi acords amb els responsables o titulars dels mateixos, i MERCATORIA ADVOCATS no es fa responsable pels danys produ\u00efts per la il\u00b7licitud, qualitat, desactualitzaci\u00f3, indisponibilitat, error i inutilitat dels continguts d&#8217;aquests llocs, ja que els desconeix. En qualsevol cas, si l&#8217;Usuari tingu\u00e9s coneixement que els llocs enlla\u00e7ats remeten a p\u00e0gines els continguts o serveis de les quals s\u00f3n il\u00b7l\u00edcits o contraris a la moral ho haur\u00e0 de posar en coneixement de MERCAT\u00d2RIA ADVOCATS.<\/p><p><strong>4. Propietat intel\u00b7lectual i industrial<\/strong><br \/>MERCATORIA ADVOCATS es reserva tots els drets sobre les marques, noms comercials o altres signes distintius, les patents, i la propietat intel\u00b7lectual, pel que fa al contingut aquest Portal d&#8217;Internet.<\/p><p>En particular, els continguts que apareixen o puguin apar\u00e8ixer al Portal (textos, fotografies, imatges, icones, links, etc.) s\u00f3n titularitat de MERCAT\u00d2RIA ADVOCATS o de tercers que han autoritzat expressament a MERCAT\u00d2RIA ADVOCATS per incloure&#8217;ls al Portal. En cap cas s&#8217;entendr\u00e0 que MERCAT\u00d2RIA ADVOCATS concedeix a l&#8217;Usuari cap llic\u00e8ncia o que hi renuncia, transmet, o cedeix totalment o parcialment els seus drets sobre aquests continguts, ni que confereix cap dret de transformaci\u00f3, explotaci\u00f3, reproducci\u00f3, distribuci\u00f3 o comunicaci\u00f3 p\u00fablica sobre els continguts.<\/p><p>De la mateixa manera, les marques, noms comercials i la resta de signes distintius exposats en aquest Portal s\u00f3n propietat dels seus respectius titulars. L&#8217;Usuari accepta que l&#8217;acc\u00e9s a aquest Servei d&#8217;Internet no s&#8217;ha d&#8217;entendre com la concessi\u00f3 t\u00e0cita, en virtut de la doctrina dels actes mateixos o per un altre mecanisme, de cap llic\u00e8ncia o dret d&#8217;\u00fas de cap marca, nom comercial o qualsevol altre signe distintiu que figuri en aquest Portal, sense el consentiment previ per escrit de MERCATORIA ADVOCATS o dels seus respectius titulars.<\/p><p><strong>5. Responsabilitat<\/strong><br \/>MERCATORIA ADVOCATS no est\u00e0 obligat a comprovar la veracitat, exactitud i actualitat de la informaci\u00f3 subministrada a trav\u00e9s de la seva p\u00e0gina web. MERCATORIA ADVOCATS no es responsabilitza de les decisions preses a partir de la informaci\u00f3 subministrada al Portal, ni dels danys i perjudicis produ\u00efts a l&#8217;Usuari amb motiu d&#8217;actuacions que tinguin com a \u00fanic fonament la informaci\u00f3 obtinguda al Portal, ja que els continguts de aquesta p\u00e0gina s\u00f3n de car\u00e0cter general i no constitueixen, la prestaci\u00f3 de serveis professionals de cap mena, per la qual cosa aquesta informaci\u00f3 resulta insuficient per a la presa de decisions professionals o empresarials per part de l&#8217;Usuari.<\/p><p>L&#8217;acc\u00e9s al Portal no implica l&#8217;obligaci\u00f3 per part de MERCATORIA ADVOCATS de controlar l&#8217;abs\u00e8ncia de virus o qualsevol altre element inform\u00e0tic nociu, corresponent a l&#8217;Usuari la disponibilitat d&#8217;eines adequades per a la detecci\u00f3 i desinfecci\u00f3 de programes inform\u00e0tics nocius, per la qual cosa MERCAT\u00d2RIA ADVOCATS no es responsabilitza dels danys produ\u00efts als equips inform\u00e0tics dels Usuaris o de tercers durant la prestaci\u00f3 del servei del Portal.<\/p><p>MERCATORIA ADVOCATS no es responsabilitza dels danys o perjudicis produ\u00efts a l&#8217;Usuari que portin causa de fallades o desconnexions a les xarxes de telecomunicacions que produeixin la suspensi\u00f3, cancel\u00b7laci\u00f3 o interrupci\u00f3 del servei del Portal durant la prestaci\u00f3 del mateix o amb car\u00e0cter previ o posterior.<\/p><p><strong>6. Legislaci\u00f3<\/strong><br \/>Aquest Av\u00eds Legal es regeix en tots i cadascun dels seus extrems per la llei espanyola i qualsevol controv\u00e8rsia derivada del mateix ser\u00e0 resolta pels Jutjats i Tribunals de Barcelona.<\/p>\t\t\t\t\t\t\t<\/div>\r\n\t\t\t\t\t\t\t\t\t\t<\/div>\n\t\t\t\t<\/div>\n\t\t\t\t\t<\/div>\n\t\t<\/div>\n\t\t\t\t\t<\/div><\/div>\r\n\t\t<\/section>\r\n\t\t\t\t<\/div>\n\t\t","protected":false},"excerpt":{"rendered":"<p>Av\u00eds legal 1. Informaci\u00f3 generalAquest Av\u00eds Legal ha estat elaborat amb respecte i compliment de les disposicions recollides al Reglament&#8230;<\/p>\n","protected":false},"author":1,"featured_media":0,"parent":0,"menu_order":0,"comment_status":"closed","ping_status":"closed","template":"page-fullwidth.php","meta":{"footnotes":""},"class_list":["post-4350","page","type-page","status-publish"],"_links":{"self":[{"href":"https:\/\/www.mercatoria.es\/ca\/wp-json\/wp\/v2\/pages\/4350","targetHints":{"allow":["GET"]}}],"collection":[{"href":"https:\/\/www.mercatoria.es\/ca\/wp-json\/wp\/v2\/pages"}],"about":[{"href":"https:\/\/www.mercatoria.es\/ca\/wp-json\/wp\/v2\/types\/page"}],"author":[{"embeddable":true,"href":"https:\/\/www.mercatoria.es\/ca\/wp-json\/wp\/v2\/users\/1"}],"replies":[{"embeddable":true,"href":"https:\/\/www.mercatoria.es\/ca\/wp-json\/wp\/v2\/comments?post=4350"}],"version-history":[{"count":7,"href":"https:\/\/www.mercatoria.es\/ca\/wp-json\/wp\/v2\/pages\/4350\/revisions"}],"predecessor-version":[{"id":4537,"href":"https:\/\/www.mercatoria.es\/ca\/wp-json\/wp\/v2\/pages\/4350\/revisions\/4537"}],"wp:attachment":[{"href":"https:\/\/www.mercatoria.es\/ca\/wp-json\/wp\/v2\/media?parent=4350"}],"curies":[{"name":"wp","href":"https:\/\/api.w.org\/{rel}","templated":true}]}}