{"id":4352,"date":"2022-03-18T11:39:40","date_gmt":"2022-03-18T09:39:40","guid":{"rendered":"https:\/\/www.albajunyent.com\/demos\/mercatoria\/bancario\/"},"modified":"2023-01-24T18:29:49","modified_gmt":"2023-01-24T16:29:49","slug":"bancario","status":"publish","type":"page","link":"https:\/\/www.mercatoria.es\/ca\/bancario\/","title":{"rendered":"Bancari"},"content":{"rendered":"\t\t<div data-elementor-type=\"wp-page\" data-elementor-id=\"4352\" class=\"elementor elementor-4352 elementor-2780\">\n\t\t\t\t\t\t<section class=\"elementor-section elementor-top-section elementor-element elementor-element-a1a2ba1 elementor-section-boxed elementor-section-height-default elementor-section-height-default\" data-id=\"a1a2ba1\" data-element_type=\"section\" data-settings=\"{&quot;background_background&quot;:&quot;classic&quot;}\">\r\n\t\t\t\t\t\t\t<div class=\"elementor-background-overlay\"><\/div>\r\n\t\t\t\t\t\t\t<div class=\"elementor-container elementor-column-gap-thegem\"><div class=\"elementor-row\">\r\n\t\t\t\t\t<div class=\"elementor-column elementor-col-100 elementor-top-column elementor-element elementor-element-71d888cd bg_square\" data-id=\"71d888cd\" data-element_type=\"column\" data-settings=\"{&quot;background_background&quot;:&quot;classic&quot;}\">\n\t\t\t<div class=\"elementor-widget-wrap elementor-element-populated\">\n\t\t\t\t\t\t<div class=\"elementor-element elementor-element-4177c70f flex-horizontal-align-default flex-horizontal-align-tablet-default flex-horizontal-align-mobile-default flex-vertical-align-default flex-vertical-align-tablet-default flex-vertical-align-mobile-default elementor-widget elementor-widget-heading\" data-id=\"4177c70f\" data-element_type=\"widget\" data-widget_type=\"heading.default\">\n\t\t\t\t<div class=\"elementor-widget-container\">\n\t\t\t\t\t<div class=\"default elementor-heading-title elementor-size-default\">Bancari<\/div>\t\t\t\t<\/div>\n\t\t\t\t<\/div>\n\t\t\t\t\t<\/div>\n\t\t<\/div>\n\t\t\t\t\t<\/div><\/div>\r\n\t\t<\/section>\r\n\t\t\t\t<section class=\"elementor-section elementor-top-section elementor-element elementor-element-3104d3ea elementor-section-boxed elementor-section-height-default elementor-section-height-default\" data-id=\"3104d3ea\" data-element_type=\"section\">\r\n\t\t\t\t\t\t<div class=\"elementor-container elementor-column-gap-thegem\"><div class=\"elementor-row\">\r\n\t\t\t\t\t<div class=\"elementor-column elementor-col-100 elementor-top-column elementor-element elementor-element-10e95cd0\" data-id=\"10e95cd0\" data-element_type=\"column\">\n\t\t\t<div class=\"elementor-widget-wrap elementor-element-populated\">\n\t\t\t\t\t\t<div class=\"elementor-element elementor-element-2c0e7ae6 elementor-widget-divider--view-line flex-horizontal-align-default flex-horizontal-align-tablet-default flex-horizontal-align-mobile-default flex-vertical-align-default flex-vertical-align-tablet-default flex-vertical-align-mobile-default elementor-widget elementor-widget-divider\" data-id=\"2c0e7ae6\" data-element_type=\"widget\" data-widget_type=\"divider.default\">\n\t\t\t\t<div class=\"elementor-widget-container\">\n\t\t\t\t\t\t\t<div class=\"elementor-divider\">\n\t\t\t<span class=\"elementor-divider-separator\">\n\t\t\t\t\t\t<\/span>\n\t\t<\/div>\n\t\t\t\t\t\t<\/div>\n\t\t\t\t<\/div>\n\t\t\t\t<div class=\"elementor-element elementor-element-b3a3d9 elementor-widget__width-initial elementor-widget-tablet__width-inherit elementor-widget-mobile__width-inherit flex-horizontal-align-default flex-horizontal-align-tablet-default flex-horizontal-align-mobile-default flex-vertical-align-default flex-vertical-align-tablet-default flex-vertical-align-mobile-default elementor-widget elementor-widget-text-editor\" data-id=\"b3a3d9\" data-element_type=\"widget\" data-widget_type=\"text-editor.default\">\n\t\t\t\t<div class=\"elementor-widget-container\">\n\t\t\t\t\t\t\t\t\t\t\t\t<div class=\"elementor-text-editor elementor-clearfix\">\r\n\t\t\t\t\t\t<div class=\"title-h4\">\n\nAssessorament, negociaci\u00f3 i redacci\u00f3 de contractes i cl\u00e0usules d&#8217;operacions de finan\u00e7ament entre empreses i particulars entre si com a conseq\u00fc\u00e8ncia de les seves relacions jur\u00eddiques i davant de les entitats de cr\u00e8dit, aix\u00ed com les seves garanties personals i reals, relatives a:\n\n<\/div>\t\t\t\t\t\t\t<\/div>\r\n\t\t\t\t\t\t\t\t\t\t<\/div>\n\t\t\t\t<\/div>\n\t\t\t\t\t<\/div>\n\t\t<\/div>\n\t\t\t\t\t<\/div><\/div>\r\n\t\t<\/section>\r\n\t\t\t\t<section class=\"elementor-section elementor-top-section elementor-element elementor-element-4aaeb8a4 elementor-section-boxed elementor-section-height-default elementor-section-height-default\" data-id=\"4aaeb8a4\" data-element_type=\"section\">\r\n\t\t\t\t\t\t<div class=\"elementor-container elementor-column-gap-thegem\"><div class=\"elementor-row\">\r\n\t\t\t\t\t<div class=\"elementor-column elementor-col-50 elementor-top-column elementor-element elementor-element-2f5dd9ea\" data-id=\"2f5dd9ea\" data-element_type=\"column\">\n\t\t\t<div class=\"elementor-widget-wrap elementor-element-populated\">\n\t\t\t\t\t\t<div class=\"elementor-element elementor-element-3ae50050 elementor-widget__width-initial elementor-widget-tablet__width-inherit flex-horizontal-align-default flex-horizontal-align-tablet-default flex-horizontal-align-mobile-default flex-vertical-align-default flex-vertical-align-tablet-default flex-vertical-align-mobile-default elementor-widget elementor-widget-text-editor\" data-id=\"3ae50050\" data-element_type=\"widget\" data-widget_type=\"text-editor.default\">\n\t\t\t\t<div class=\"elementor-widget-container\">\n\t\t\t\t\t\t\t\t\t\t\t\t<div class=\"elementor-text-editor elementor-clearfix\">\r\n\t\t\t\t\t\t<ul><li>Transaccions i reconeixements de deute, amb ajornament de pagament amb interessos o sense.<\/li><li>Compravendes amb preu ajornat.<\/li><li>Cr\u00e8dits consumidors.<\/li><li>Pr\u00e9stecs.<\/li><li>Cessi\u00f3 de cr\u00e8dits i\/o de drets de cobrament.<\/li><li>P\u00f2lisses de cr\u00e8dit i\/o descompte defecte.<\/li><li>P\u00f2lisses de Factoring amb recurs o sense.<\/li><\/ul>\t\t\t\t\t\t\t<\/div>\r\n\t\t\t\t\t\t\t\t\t\t<\/div>\n\t\t\t\t<\/div>\n\t\t\t\t\t<\/div>\n\t\t<\/div>\n\t\t\t\t<div class=\"elementor-column elementor-col-50 elementor-top-column elementor-element elementor-element-63fec239\" data-id=\"63fec239\" data-element_type=\"column\">\n\t\t\t<div class=\"elementor-widget-wrap elementor-element-populated\">\n\t\t\t\t\t\t<div class=\"elementor-element elementor-element-3b0f791d elementor-widget__width-initial elementor-widget-tablet__width-inherit flex-horizontal-align-default flex-horizontal-align-tablet-default flex-horizontal-align-mobile-default flex-vertical-align-default flex-vertical-align-tablet-default flex-vertical-align-mobile-default elementor-widget elementor-widget-text-editor\" data-id=\"3b0f791d\" data-element_type=\"widget\" data-widget_type=\"text-editor.default\">\n\t\t\t\t<div class=\"elementor-widget-container\">\n\t\t\t\t\t\t\t\t\t\t\t\t<div class=\"elementor-text-editor elementor-clearfix\">\r\n\t\t\t\t\t\t<ul><li>Mitjans de pagament, especialment transfer\u00e8ncies, xecs i pagar\u00e9s.<\/li><li>Operativa de targetes de cr\u00e8dit.<\/li><li>Fiances i avals solidaris i\/o a primer requeriment.<\/li><li>Hipoteca immobili\u00e0ria.<\/li><li>Comptes corrents i dip\u00f2sits.<\/li><li>Prestaci\u00f3 de serveis financers a dist\u00e0ncia<\/li><\/ul>\t\t\t\t\t\t\t<\/div>\r\n\t\t\t\t\t\t\t\t\t\t<\/div>\n\t\t\t\t<\/div>\n\t\t\t\t\t<\/div>\n\t\t<\/div>\n\t\t\t\t\t<\/div><\/div>\r\n\t\t<\/section>\r\n\t\t\t\t<section class=\"elementor-section elementor-top-section elementor-element elementor-element-547c94cb elementor-section-boxed elementor-section-height-default elementor-section-height-default\" data-id=\"547c94cb\" data-element_type=\"section\">\r\n\t\t\t\t\t\t<div class=\"elementor-container elementor-column-gap-thegem\"><div class=\"elementor-row\">\r\n\t\t\t\t\t<div class=\"elementor-column elementor-col-100 elementor-top-column elementor-element elementor-element-59746eed\" data-id=\"59746eed\" data-element_type=\"column\">\n\t\t\t<div class=\"elementor-widget-wrap elementor-element-populated\">\n\t\t\t\t\t\t<div class=\"elementor-element elementor-element-19ba5f08 flex-horizontal-align-default flex-horizontal-align-tablet-default flex-horizontal-align-mobile-default flex-vertical-align-default flex-vertical-align-tablet-default flex-vertical-align-mobile-default elementor-widget elementor-widget-heading\" data-id=\"19ba5f08\" data-element_type=\"widget\" data-widget_type=\"heading.default\">\n\t\t\t\t<div class=\"elementor-widget-container\">\n\t\t\t\t\t<h3 class=\"elementor-heading-title elementor-size-default\">Not\u00edcies <\/h3>\t\t\t\t<\/div>\n\t\t\t\t<\/div>\n\t\t\t\t<div class=\"elementor-element elementor-element-0a7ffde flex-horizontal-align-default flex-horizontal-align-tablet-default flex-horizontal-align-mobile-default flex-vertical-align-default flex-vertical-align-tablet-default flex-vertical-align-mobile-default elementor-widget elementor-widget-thegem-blog-grid\" data-id=\"0a7ffde\" data-element_type=\"widget\" data-settings=\"{&quot;items_per_page&quot;:3,&quot;thegem_elementor_preset&quot;:&quot;style-2&quot;,&quot;query_type&quot;:&quot;post&quot;,&quot;source&quot;:[&quot;categories&quot;],&quot;exclude_blog_posts_type&quot;:&quot;manual&quot;,&quot;order_by&quot;:&quot;default&quot;,&quot;order&quot;:&quot;default&quot;,&quot;image_icon_show&quot;:&quot;yes&quot;}\" data-widget_type=\"thegem-blog-grid.default\">\n\t\t\t\t<div class=\"elementor-widget-container\">\n\t\t\t\t\t\t\t\t<div class=\"preloader\"><div class=\"preloader-spin\"><\/div><\/div>\n\t\t\t<div class=\"blog-grid blog clearfix  justified-style-2  blog-style-justified  blog-style-3x    inline-row   blog-style-justified-3x \" data-page=\"1\" data-paged=\"1\" data-next-page=\"0\" data-load-more-action=\"thegem_bloggrid_load_more\">\n\t\t\t\n<article id=\"post-4843\" class=\"post-item col-lg-4 col-md-4 col-sm-6 col-xs-6 inline-column item-animations-not-inited post-4843 post type-post status-publish format-standard category-compliance-ca category-concursal-ca category-mercantil-ca category-procesal-ca\">\n\n\t\t\t<div class=\"post-content-wrapper\">\n\t\t\n\t\t\t\t\t\t\n\t\t\t\n\t\t\t<div class=\"caption-container\">\n\t\t\t\t<div class=\"description\">\n\t\t\t\t\t<div class=\"post-meta-conteiner\">\n\n\t\t\t\t\t\t\t<span class=\"post-meta-author\">\n\t\t\t\t\t\t\t\t\t\t\t\t\t\t\t\t\tPor mercatoria\t\t\t\t\t\t\t\t\t\t\t\t\t\t\t<\/span>\n\n\t\t\t\t\t\t<div class=\"post-meta-right\">\n\t\t\t\t\t\t\t\t\t\t\t\t\t\t\t<span class=\"comments-link\"><div class=\"elementor-icon\"><i class=\"default\"><\/i> <\/div><a href=\"https:\/\/www.mercatoria.es\/ca\/2023\/01\/02\/la-factura-electronica-sera-obligatoria-para-los-pymes-y-autonomos\/#respond\">0<\/a><\/span>\n\t\t\t\t\t\t\t\n\t\t\t\t\t\t\t\t\t\t\t\t\t\t\t\t\t\t\t\t<\/div>\n\t\t\t\t\t<\/div>\n\n\t\t\t\t\t<div class=\"post-title\">\n\t\t\t\t\t\t\t\t\t\t\t\t\t<div class=\"entry-title title-h4\"><a href=\"https:\/\/www.mercatoria.es\/ca\/2023\/01\/02\/la-factura-electronica-sera-obligatoria-para-los-pymes-y-autonomos\/\" rel=\"bookmark\"><span class=\"entry-title-date\">02 gen.: <\/span><span class=\"light\">La factura electr\u00f3nica ser\u00e1 obligatoria para los pymes y aut\u00f3nomos<\/span><\/a><\/div>\t\t\t\t\t\t\t\t\t\t\t<\/div>\n\n\t\t\t\t\t\t\t\t\t\t\t<div class=\"post-text\">\n\t\t\t\t\t\t\t<div class=\"summary\">\n\t\t\t\t\t\t\t\t\t\t\t\t\t\t\t\t\t<p>A expensas del desarrollo reglamentario que determinar\u00e1 la fecha de entrada en vigor de esta medida, las empresas y profesionales&#8230;<\/p>\n\t\t\t\t\t\t\t\t\t\t\t\t\t\t\t<\/div>\n\t\t\t\t\t\t<\/div>\n\t\t\t\t\t\n\t\t\t\t\t<div class=\"info clearfix\">\n\t\t\t\t\t\t\t<div class=\"post-footer-sharing\">\n\t\t\t\t\t\t\t\t\t\t\t\t\t\t\t<\/div>\n\t\t\t\t\t\t\t<div class=\"post-read-more\">\n\t\t\t\t\t\t\t\t\t<div class=\"gem-button-container gem-widget-button gem-button-position-inline\">\n\t\t<a class=\"gem-button gem-button-size-tiny gem-button-style-outline\" href=\"https:\/\/www.mercatoria.es\/ca\/2023\/01\/02\/la-factura-electronica-sera-obligatoria-para-los-pymes-y-autonomos\/\">\n\t\t\t<span class=\"gem-inner-wrapper-btn\">\n\t\t\t\t\t\t\t\t<span class=\"gem-text-button\">\n\t\t\t\t\tLlegir m\u00e9s\t\t\t\t<\/span>\n\t\t\t<\/span>\n\t\t<\/a>\n\t<\/div>\n\t\t\t\t\t\t\t<\/div>\n\t\t\t\t\t<\/div>\n\t\t\t\t<\/div>\n\t\t\t<\/div>\n\n\t\t<\/div>\n\n<\/article>\n\n<article id=\"post-4783\" class=\"post-item col-lg-4 col-md-4 col-sm-6 col-xs-6 inline-column item-animations-not-inited post-4783 post type-post status-publish format-standard category-laboral-ca\">\n\n\t\t\t<div class=\"post-content-wrapper\">\n\t\t\n\t\t\t\t\t\t\n\t\t\t\n\t\t\t<div class=\"caption-container\">\n\t\t\t\t<div class=\"description\">\n\t\t\t\t\t<div class=\"post-meta-conteiner\">\n\n\t\t\t\t\t\t\t<span class=\"post-meta-author\">\n\t\t\t\t\t\t\t\t\t\t\t\t\t\t\t\t\tPor <a href=\"https:\/\/www.albajunyent.com\/demos\/mercatoria\" title=\"Visita el web de alba@albajunyent.com\" rel=\"author external\">alba@albajunyent.com<\/a>\t\t\t\t\t\t\t\t\t\t\t\t\t\t\t<\/span>\n\n\t\t\t\t\t\t<div class=\"post-meta-right\">\n\t\t\t\t\t\t\t\t\t\t\t\t\t\t\t<span class=\"comments-link\"><div class=\"elementor-icon\"><i class=\"default\"><\/i> <\/div><a href=\"https:\/\/www.mercatoria.es\/ca\/2023\/01\/02\/prorrogado-el-smi-de-2022\/#respond\">0<\/a><\/span>\n\t\t\t\t\t\t\t\n\t\t\t\t\t\t\t\t\t\t\t\t\t\t\t\t\t\t\t\t<\/div>\n\t\t\t\t\t<\/div>\n\n\t\t\t\t\t<div class=\"post-title\">\n\t\t\t\t\t\t\t\t\t\t\t\t\t<div class=\"entry-title title-h4\"><a href=\"https:\/\/www.mercatoria.es\/ca\/2023\/01\/02\/prorrogado-el-smi-de-2022\/\" rel=\"bookmark\"><span class=\"entry-title-date\">02 gen.: <\/span><span class=\"light\">Prorrogado el SMI de 2022<\/span><\/a><\/div>\t\t\t\t\t\t\t\t\t\t\t<\/div>\n\n\t\t\t\t\t\t\t\t\t\t\t<div class=\"post-text\">\n\t\t\t\t\t\t\t<div class=\"summary\">\n\t\t\t\t\t\t\t\t\t\t\t\t\t\t\t\t\t<p>Se prorroga la vigencia del Real Decreto 152\/2022, de 22 de febrero, por el que se fija el salario m\u00ednimo&#8230;<\/p>\n\t\t\t\t\t\t\t\t\t\t\t\t\t\t\t<\/div>\n\t\t\t\t\t\t<\/div>\n\t\t\t\t\t\n\t\t\t\t\t<div class=\"info clearfix\">\n\t\t\t\t\t\t\t<div class=\"post-footer-sharing\">\n\t\t\t\t\t\t\t\t\t\t\t\t\t\t\t<\/div>\n\t\t\t\t\t\t\t<div class=\"post-read-more\">\n\t\t\t\t\t\t\t\t\t<div class=\"gem-button-container gem-widget-button gem-button-position-inline\">\n\t\t<a class=\"gem-button gem-button-size-tiny gem-button-style-outline\" href=\"https:\/\/www.mercatoria.es\/ca\/2023\/01\/02\/prorrogado-el-smi-de-2022\/\">\n\t\t\t<span class=\"gem-inner-wrapper-btn\">\n\t\t\t\t\t\t\t\t<span class=\"gem-text-button\">\n\t\t\t\t\tLlegir m\u00e9s\t\t\t\t<\/span>\n\t\t\t<\/span>\n\t\t<\/a>\n\t<\/div>\n\t\t\t\t\t\t\t<\/div>\n\t\t\t\t\t<\/div>\n\t\t\t\t<\/div>\n\t\t\t<\/div>\n\n\t\t<\/div>\n\n<\/article>\n\n<article id=\"post-4775\" class=\"post-item col-lg-4 col-md-4 col-sm-6 col-xs-6 inline-column item-animations-not-inited post-4775 post type-post status-publish format-standard category-laboral-ca\">\n\n\t\t\t<div class=\"post-content-wrapper\">\n\t\t\n\t\t\t\t\t\t\n\t\t\t\n\t\t\t<div class=\"caption-container\">\n\t\t\t\t<div class=\"description\">\n\t\t\t\t\t<div class=\"post-meta-conteiner\">\n\n\t\t\t\t\t\t\t<span class=\"post-meta-author\">\n\t\t\t\t\t\t\t\t\t\t\t\t\t\t\t\t\tPor mercatoria\t\t\t\t\t\t\t\t\t\t\t\t\t\t\t<\/span>\n\n\t\t\t\t\t\t<div class=\"post-meta-right\">\n\t\t\t\t\t\t\t\t\t\t\t\t\t\t\t<span class=\"comments-link\"><div class=\"elementor-icon\"><i class=\"default\"><\/i> <\/div><a href=\"https:\/\/www.mercatoria.es\/ca\/2023\/01\/02\/revalorizacion-de-pensiones-2023\/#respond\">0<\/a><\/span>\n\t\t\t\t\t\t\t\n\t\t\t\t\t\t\t\t\t\t\t\t\t\t\t\t\t\t\t\t<\/div>\n\t\t\t\t\t<\/div>\n\n\t\t\t\t\t<div class=\"post-title\">\n\t\t\t\t\t\t\t\t\t\t\t\t\t<div class=\"entry-title title-h4\"><a href=\"https:\/\/www.mercatoria.es\/ca\/2023\/01\/02\/revalorizacion-de-pensiones-2023\/\" rel=\"bookmark\"><span class=\"entry-title-date\">02 gen.: <\/span><span class=\"light\">Revalorizaci\u00f3n de pensiones 2023<\/span><\/a><\/div>\t\t\t\t\t\t\t\t\t\t\t<\/div>\n\n\t\t\t\t\t\t\t\t\t\t\t<div class=\"post-text\">\n\t\t\t\t\t\t\t<div class=\"summary\">\n\t\t\t\t\t\t\t\t\t\t\t\t\t\t\t\t\t<p>En el BOE del 28 de diciembre se ha publicado el Real Decreto 1058\/2022, de 27 de diciembre, sobre actualizaci\u00f3n&#8230;<\/p>\n\t\t\t\t\t\t\t\t\t\t\t\t\t\t\t<\/div>\n\t\t\t\t\t\t<\/div>\n\t\t\t\t\t\n\t\t\t\t\t<div class=\"info clearfix\">\n\t\t\t\t\t\t\t<div class=\"post-footer-sharing\">\n\t\t\t\t\t\t\t\t\t\t\t\t\t\t\t<\/div>\n\t\t\t\t\t\t\t<div class=\"post-read-more\">\n\t\t\t\t\t\t\t\t\t<div class=\"gem-button-container gem-widget-button gem-button-position-inline\">\n\t\t<a class=\"gem-button gem-button-size-tiny gem-button-style-outline\" href=\"https:\/\/www.mercatoria.es\/ca\/2023\/01\/02\/revalorizacion-de-pensiones-2023\/\">\n\t\t\t<span class=\"gem-inner-wrapper-btn\">\n\t\t\t\t\t\t\t\t<span class=\"gem-text-button\">\n\t\t\t\t\tLlegir m\u00e9s\t\t\t\t<\/span>\n\t\t\t<\/span>\n\t\t<\/a>\n\t<\/div>\n\t\t\t\t\t\t\t<\/div>\n\t\t\t\t\t<\/div>\n\t\t\t\t<\/div>\n\t\t\t<\/div>\n\n\t\t<\/div>\n\n<\/article>\n\t\t\t<\/div>\n\t\t\t\t\t<style>\n\t\t\t\t.elementor-element-0a7ffde .blog-grid .post-image a:hover:after{opacity: 1 !important;}\n\t\t\t\t.elementor-element-0a7ffde .blog-grid .post-content-wrapper:hover .post-image a:after{opacity: 1 !important;}\n\t\t\t<\/style>\n\t\t\n\t\t\t\n\t\t\t\t\t\t\t<div class=\"preloader\"><div class=\"preloader-spin\"><\/div><\/div>\n\t\t\t\t<div class=\"blog-grid-pagination\" data-page=\"1\" data-next-page=\"0\">\n\t\t\t\t\t\t\t\t\t\t\t\t\t<div class=\"gem-pagination\"><div class=\"gem-pagination-links gem-pagination-position-center\">\n\t\t\t<span aria-current=\"page\" class=\"page-numbers current\">1<\/span>\n<a class=\"page-numbers\" href=\"https:\/\/www.mercatoria.es\/ca\/wp-json\/wp\/v2\/pages\/4352\/page\/2\/\">2<\/a>\n<a class=\"next page-numbers\" href=\"https:\/\/www.mercatoria.es\/ca\/wp-json\/wp\/v2\/pages\/4352\/page\/2\/\"><i class=\"default\"><\/i><\/a>\t\t<\/div><\/div><!-- .pagination -->\n\t\t\t\t\t\t\t\t\t\t\t<\/div>\n\t\t\t\n\t\t\t\n\t\t\t\n\t\t\t\n\t\t\t\t\t\t<\/div>\n\t\t\t\t<\/div>\n\t\t\t\t\t<\/div>\n\t\t<\/div>\n\t\t\t\t\t<\/div><\/div>\r\n\t\t<\/section>\r\n\t\t\t\t<section class=\"elementor-section elementor-top-section elementor-element elementor-element-34c57030 elementor-section-full_width elementor-section-stretched elementor-section-height-default elementor-section-height-default\" data-id=\"34c57030\" data-element_type=\"section\" data-settings=\"{&quot;stretch_section&quot;:&quot;section-stretched&quot;}\">\r\n\t\t\t\t\t\t<div class=\"elementor-container elementor-column-gap-thegem\"><div class=\"elementor-row\">\r\n\t\t\t\t\t<div class=\"elementor-column elementor-col-100 elementor-top-column elementor-element elementor-element-29314b4a\" data-id=\"29314b4a\" data-element_type=\"column\">\n\t\t\t<div class=\"elementor-widget-wrap elementor-element-populated\">\n\t\t\t\t\t\t<div class=\"elementor-element elementor-element-61ed33e2 flex-horizontal-align-default flex-horizontal-align-tablet-default flex-horizontal-align-mobile-default flex-vertical-align-default flex-vertical-align-tablet-default flex-vertical-align-mobile-default elementor-widget elementor-widget-thegem-cta\" data-id=\"61ed33e2\" data-element_type=\"widget\" data-settings=\"{&quot;thegem_elementor_preset&quot;:&quot;solid-box&quot;}\" data-widget_type=\"thegem-cta.default\">\n\t\t\t\t<div class=\"elementor-widget-container\">\n\t\t\t\t\t\n<div class=\"gem-alert-box\">\n\n\t\n\t\t<div class=\"gem-alert-box-top gem-alert-box-top-none default-fill\">\n\t\t\t\t\t<\/div>\n\t\n\t<div class=\"gem-alert-inner default-background button-bottom\">\n\n\t\t\t\n\n\t\t\t\n\t\t\t<div class=\"gem-alert-box-content\">\n\t\t\t\t\t\t\t\t\t\n\t\t\t\t<h5 class=\"gem-cta-title title-h5 bold\">\n\t\t\t\t\tpodem ajudar-lo?\t\t\t\t<\/h5>\n\n\t\t\t\n\n\t\t\t\n\t\t\t\t<div class=\"gem-cta-description gem-text-output\">\n\t\t\t\t\t<p>Per a qualsevol consulta no dubteu a contactar-nos.<\/p>\t\t\t\t<\/div>\n\t\t\t\n\t\t\t\t\t<\/div>\n\n\t\t\t<div class=\"gem-alert-box-buttons\">\n\t\t\t\t\n\t\t\t\t\t\t\t\t\t\t\t<div class=\"gem-button-container-1 gem-widget-button\">\n\t\t\t\t\t\t\t\t\t\t<a class=\"gem-button gem-button-size-medium gem-button-text-weight-bold gem-button-style-flat\" href=\"https:\/\/www.mercatoria.es\/ca\/contact\/\">\n\t\t\t\t\t\t<span class=\"gem-inner-wrapper-btn\">\n\t\t\t\t\t\t\t\t\t\t\t\t\t\t<span class=\"gem-text-button\">\n\t\t\t\t\t\t\t\tCONTACTE\t\t\t\t\t\t\t<\/span>\n\t\t\t\t\t\t<\/span>\n\t\t\t\t\t<\/a>\n\t\t\t\t<\/div>\n\t\t\t\n\t\t\t\t\t\t<\/div>\n\n\t\t\t\n\n\t<\/div>\n\n\t\n\t\t<div class=\"gem-alert-box-bottom gem-alert-box-bottom-none default-fill\">\n\t\t\t\t<\/div>\n\t<\/div>\t\t\t\t<\/div>\n\t\t\t\t<\/div>\n\t\t\t\t\t<\/div>\n\t\t<\/div>\n\t\t\t\t\t<\/div><\/div>\r\n\t\t<\/section>\r\n\t\t\t\t<\/div>\n\t\t","protected":false},"excerpt":{"rendered":"<p>Bancari Assessorament, negociaci\u00f3 i redacci\u00f3 de contractes i cl\u00e0usules d&#8217;operacions de finan\u00e7ament entre empreses i particulars entre si com a&#8230;<\/p>\n","protected":false},"author":1,"featured_media":0,"parent":0,"menu_order":0,"comment_status":"closed","ping_status":"closed","template":"page-fullwidth.php","meta":{"footnotes":""},"class_list":["post-4352","page","type-page","status-publish"],"_links":{"self":[{"href":"https:\/\/www.mercatoria.es\/ca\/wp-json\/wp\/v2\/pages\/4352","targetHints":{"allow":["GET"]}}],"collection":[{"href":"https:\/\/www.mercatoria.es\/ca\/wp-json\/wp\/v2\/pages"}],"about":[{"href":"https:\/\/www.mercatoria.es\/ca\/wp-json\/wp\/v2\/types\/page"}],"author":[{"embeddable":true,"href":"https:\/\/www.mercatoria.es\/ca\/wp-json\/wp\/v2\/users\/1"}],"replies":[{"embeddable":true,"href":"https:\/\/www.mercatoria.es\/ca\/wp-json\/wp\/v2\/comments?post=4352"}],"version-history":[{"count":13,"href":"https:\/\/www.mercatoria.es\/ca\/wp-json\/wp\/v2\/pages\/4352\/revisions"}],"predecessor-version":[{"id":5534,"href":"https:\/\/www.mercatoria.es\/ca\/wp-json\/wp\/v2\/pages\/4352\/revisions\/5534"}],"wp:attachment":[{"href":"https:\/\/www.mercatoria.es\/ca\/wp-json\/wp\/v2\/media?parent=4352"}],"curies":[{"name":"wp","href":"https:\/\/api.w.org\/{rel}","templated":true}]}}