{"id":4358,"date":"2022-03-21T19:40:58","date_gmt":"2022-03-21T17:40:58","guid":{"rendered":"https:\/\/www.albajunyent.com\/demos\/mercatoria\/politica-cookies\/"},"modified":"2022-12-05T12:31:56","modified_gmt":"2022-12-05T10:31:56","slug":"politica-cookies","status":"publish","type":"page","link":"https:\/\/www.mercatoria.es\/ca\/politica-cookies\/","title":{"rendered":"Pol\u00edtica de cookies"},"content":{"rendered":"\t\t<div data-elementor-type=\"wp-page\" data-elementor-id=\"4358\" class=\"elementor elementor-4358 elementor-3095\">\n\t\t\t\t\t\t<section class=\"elementor-section elementor-top-section elementor-element elementor-element-72ae24a7 elementor-section-boxed elementor-section-height-default elementor-section-height-default\" data-id=\"72ae24a7\" data-element_type=\"section\" data-settings=\"{&quot;background_background&quot;:&quot;classic&quot;}\">\r\n\t\t\t\t\t\t\t<div class=\"elementor-background-overlay\"><\/div>\r\n\t\t\t\t\t\t\t<div class=\"elementor-container elementor-column-gap-thegem\"><div class=\"elementor-row\">\r\n\t\t\t\t\t<div class=\"elementor-column elementor-col-100 elementor-top-column elementor-element elementor-element-7737fa0b bg_square\" data-id=\"7737fa0b\" data-element_type=\"column\" data-settings=\"{&quot;background_background&quot;:&quot;classic&quot;}\">\n\t\t\t<div class=\"elementor-widget-wrap elementor-element-populated\">\n\t\t\t\t\t\t<div class=\"elementor-element elementor-element-7f54e1b1 flex-horizontal-align-default flex-horizontal-align-tablet-default flex-horizontal-align-mobile-default flex-vertical-align-default flex-vertical-align-tablet-default flex-vertical-align-mobile-default elementor-widget elementor-widget-heading\" data-id=\"7f54e1b1\" data-element_type=\"widget\" data-widget_type=\"heading.default\">\n\t\t\t\t<div class=\"elementor-widget-container\">\n\t\t\t\t\t<div class=\"default elementor-heading-title elementor-size-default\">Pol\u00edtica de cookies<\/div>\t\t\t\t<\/div>\n\t\t\t\t<\/div>\n\t\t\t\t\t<\/div>\n\t\t<\/div>\n\t\t\t\t\t<\/div><\/div>\r\n\t\t<\/section>\r\n\t\t\t\t<section class=\"elementor-section elementor-top-section elementor-element elementor-element-17f745ea elementor-section-boxed elementor-section-height-default elementor-section-height-default\" data-id=\"17f745ea\" data-element_type=\"section\">\r\n\t\t\t\t\t\t<div class=\"elementor-container elementor-column-gap-thegem\"><div class=\"elementor-row\">\r\n\t\t\t\t\t<div class=\"elementor-column elementor-col-100 elementor-top-column elementor-element elementor-element-243eaa34\" data-id=\"243eaa34\" data-element_type=\"column\">\n\t\t\t<div class=\"elementor-widget-wrap elementor-element-populated\">\n\t\t\t\t\t\t<div class=\"elementor-element elementor-element-4b1480ae flex-horizontal-align-default flex-horizontal-align-tablet-default flex-horizontal-align-mobile-default flex-vertical-align-default flex-vertical-align-tablet-default flex-vertical-align-mobile-default elementor-widget elementor-widget-text-editor\" data-id=\"4b1480ae\" data-element_type=\"widget\" data-widget_type=\"text-editor.default\">\n\t\t\t\t<div class=\"elementor-widget-container\">\n\t\t\t\t\t\t\t\t\t\t\t\t<div class=\"elementor-text-editor elementor-clearfix\">\r\n\t\t\t\t\t\t<p>Aquest web, igual que la majoria de p\u00e0gines a Internet, fa servir galetes per millorar l&#8217;experi\u00e8ncia de navegaci\u00f3 de l&#8217;usuari. Les cookies personalitzen els serveis que ofereix el lloc web, oferint a cada usuari informaci\u00f3 que pot ser del vostre inter\u00e8s, en atenci\u00f3 a l&#8217;\u00fas que realitza d&#8217;aquest portal. A continuaci\u00f3, trobareu informaci\u00f3 sobre qu\u00e8 s\u00f3n les galetes, quin tipus de galetes utilitza aquest portal, com podeu desactivar les galetes al vostre navegador o com desactivar espec\u00edficament la instal\u00b7laci\u00f3 de galetes de tercers i qu\u00e8 passa en cas de deshabilitar-les.<\/p><p>LEX MERCATORIA, S.L.P (d&#8217;ara endavant MERCATORIA Advocats) gestiona aquesta p\u00e0gina web i utilitza cookies i tecnologies similars (d&#8217;ara endavant &#8220;Cookies&#8221;). Algunes galetes s\u00f3n necess\u00e0ries per fer accessible aquesta p\u00e0gina. Altres galetes ens permeten analitzar i mesurar les audi\u00e8ncies i el tr\u00e0nsit de la p\u00e0gina web. Les cookies tamb\u00e9 s\u00f3n utilitzades per mostrar la publicitat que \u00e9s m\u00e9s rellevant per als seus interessos (&#8220;cookies publicit\u00e0ries basades en interessos&#8221;), tant per nosaltres com per anunciants i col\u00b7laboradors. Podeu acudir a &#8220;Panel de Cookies&#8221; m\u00e9s avall per revisar el tipus de Cookies que usem tant nosaltres com tercers que poden instal\u00b7lar \u201cCookies publicit\u00e0ries basades en interessos\u201d en aquesta p\u00e0gina.<\/p><p><strong>Qu\u00e8 s\u00f3n les cookies?<\/strong><\/p><p>Les cookies s\u00f3n petits arxius que algunes plataformes, com les p\u00e0gines web, poden instal\u00b7lar al vostre ordinador, smartphone, tauleta o televisi\u00f3 connectada, en accedir a aquesta p\u00e0gina. Les seves funcions poden ser molt variades: emmagatzemar les vostres prefer\u00e8ncies de navegaci\u00f3, recopilar informaci\u00f3 estad\u00edstica, permetre certes funcionalitats t\u00e8cniques, emmagatzemar i recuperar informaci\u00f3 sobre els h\u00e0bits de navegaci\u00f3 o prefer\u00e8ncies d&#8217;un usuari o el vostre equip fins al punt que, de vegades, depenent de la informaci\u00f3 que continguin i de la manera com utilitzi el seu equip, de poder recon\u00e8ixer-ho. Una galeta s&#8217;emmagatzema a un ordinador per personalitzar i facilitar al m\u00e0xim la navegaci\u00f3 de l&#8217;usuari. Les galetes s&#8217;associen \u00fanicament a un usuari i el vostre ordinador i no proporcionen refer\u00e8ncies que permetin deduir dades personals de l&#8217;usuari. L&#8217;usuari podr\u00e0 configurar el navegador perqu\u00e8 notifiqui o rebutgi la instal\u00b7laci\u00f3 de les cookies enviades pel lloc web.<\/p><p>Les cookies i altres tecnologies similars (d&#8217;ara endavant \u201cCookies\u201d) s&#8217;utilitzen per al funcionament correcte d&#8217;aquesta p\u00e0gina, i permeten que us ofereixi una experi\u00e8ncia \u00f2ptima dels serveis que sol\u00b7liciteu, incloent-hi el nostre contingut i altres caracter\u00edstiques. Volem ser transparents sobre els tipus de Cookies que utilitzem tant nosaltres com els tercers que poden desplegar Cookies quan interactua amb aquesta p\u00e0gina web. Per saber m\u00e9s sobre aquestes galetes i aquests tercers, o per ajustar les seves prefer\u00e8ncies, si us plau llegiu la informaci\u00f3 que s&#8217;esmenta a continuaci\u00f3 i la nostra Pol\u00edtica de galetes.<\/p><p><strong>Per qu\u00e8 s\u00f3n importants les cookies?<\/strong><\/p><p>Les galetes s\u00f3n \u00fatils per diversos motius. Des d&#8217;un punt de vista t\u00e8cnic, permeten que les p\u00e0gines web funcionin de manera m\u00e9s \u00e0gil i adaptada a les prefer\u00e8ncies de l&#8217;usuari com ara emmagatzemar el vostre idioma o la moneda del vostre pa\u00eds. A m\u00e9s, ajuden els responsables dels llocs web a millorar els serveis que ofereixen, gr\u00e0cies a la informaci\u00f3 estad\u00edstica que recullen a trav\u00e9s seu. Finalment, serveixen per fer m\u00e9s eficient la publicitat que es mostra a la web, gr\u00e0cies a la qual es poden oferir serveis de forma gratu\u00efta.<\/p><p>Les galetes, en funci\u00f3 de la seva perman\u00e8ncia, poden dividir-se en galetes de sessi\u00f3 o permanents. Les primeres expiren quan l&#8217;usuari tanca el navegador. Les segones expiren en funci\u00f3 de quan es compleixi l&#8217;objectiu per al que serveixen o b\u00e9 quan s&#8217;esborren manualment.<\/p><p><strong>Com utilitzem les cookies?<\/strong><\/p><p>Navegar per aquest portal suposa que es puguin instal\u00b7lar els seg\u00fcents tipus de cookies:<\/p><p><strong>Cookies necess\u00e0ries<\/strong><\/p><p>Les galetes necess\u00e0ries es requereixen per subministrar els serveis que vost\u00e8 sol\u00b7licita expl\u00edcitament: per posar la nostra p\u00e0gina, el seu contingut i altres caracter\u00edstiques a la seva disposici\u00f3. Aquestes galetes s&#8217;utilitzen per operar a la p\u00e0gina web, mostrar-la correctament i permetre interactuar amb les funcionalitats que heu triat. MERCATORIA Advocats tamb\u00e9 utilitza aquestes cookies per comprendre i millorar l&#8217;exercici de la p\u00e0gina web, la nostra oferta i l&#8217;experi\u00e8ncia d&#8217;usuari. Aquestes galetes necess\u00e0ries no poden ser deshabilitades.<\/p><p><strong>Cookies de millora del rendiment<\/strong><\/p><p>Aquest tipus de galetes conserva les seves prefer\u00e8ncies per a certes eines o serveis perqu\u00e8 no hagi de reconfigurar-los cada vegada que visita el nostre portal i, en alguns casos, poden ser aportades per tercers. Alguns exemples d&#8217;aquest tipus de galetes s\u00f3n: ajustament del volum dels reproductors audiovisuals, prefer\u00e8ncies d&#8217;ordenaci\u00f3 d&#8217;articles o velocitats de reproducci\u00f3 de v\u00eddeo compatibles. En el cas de comer\u00e7 electr\u00f2nic, permeten mantenir informaci\u00f3 sobre la cistella de la compra.<\/p><p><strong>Cookies Anal\u00edtiques<\/strong><\/p><p>Utilitzem Cookies Anal\u00edtiques per analitzar i mesurar les nostres audi\u00e8ncies, tr\u00e0nsit i implicaci\u00f3 amb la p\u00e0gina web. Les Cookies esmentades a la categoria de Cookies Anal\u00edtiques de m\u00e9s avall s\u00f3n autom\u00e0ticament activades a la nostra p\u00e0gina web quan navegui.<\/p><p>Cookies Publicit\u00e0ries basades en interessos i similars (\u201cCookies Publicit\u00e0ries basades en interessos\u201d).<\/p><p>Les Cookies Publicit\u00e0ries basades en interessos s\u00f3n utilitzades per recollir informaci\u00f3 sobre la vostra activitat de navegaci\u00f3 per tal d&#8217;analitzar els vostres interessos, mostrar-vos anuncis dirigits en aquesta p\u00e0gina web o en altres llocs, i per mesurar l&#8217;efectivitat dels anuncis. Aquestes galetes publicit\u00e0ries basades en interessos podran ser incrustades per nosaltres, pels nostres anunciants i per altres col\u00b7laboradors que s&#8217;enumeren m\u00e9s avall. Les galetes de les xarxes socials i altres eines us permeten connectar-vos o interactuar d&#8217;una altra manera amb les p\u00e0gines web de les xarxes socials i les vostres ofertes, i podeu seguir les vostres activitats i interessos. Les Cookies Publicit\u00e0ries basades en interessos s\u00f3n autom\u00e0ticament activades a la nostra p\u00e0gina web quan navegui.<\/p><p><strong>Galetes de geolocalitzaci\u00f3<\/strong><\/p><p>Aquestes galetes s\u00f3n utilitzades per programes que intenten localitzar geogr\u00e0ficament la situaci\u00f3 de l&#8217;ordinador, smartphone, tauleta o televisi\u00f3 connectada, per tal d&#8217;oferir de manera totalment an\u00f2nima continguts i serveis m\u00e9s adequats.<\/p><p><strong>Cookies de registre<\/strong><\/p><p>Quan vost\u00e8 es registra al nostre portal, es generen cookies que us identifiquen com a usuari registrat i indiquen quan vost\u00e8 s&#8217;ha identificat al portal. Aquestes cookies s\u00f3n utilitzades per identificar el vostre compte d&#8217;usuari i els seus serveis associats, facilitant aix\u00ed la vostra navegaci\u00f3. Aquestes galetes es mantenen mentre no abandoneu el compte, tanqueu el navegador o apagueu el dispositiu. Aquestes cookies poden ser utilitzades en combinaci\u00f3 amb dades anal\u00edtiques per identificar de manera individual les seves prefer\u00e8ncies al nostre portal.<\/p><p><strong>Altres galetes de tercers<\/strong><\/p><p>En algunes de les nostres p\u00e0gines es poden instal\u00b7lar galetes de tercers que permetin gestionar i millorar els serveis que aquests ofereixen. Un exemple d&#8217;aquest \u00fas s\u00f3n els enlla\u00e7os a les xarxes socials que permeten compartir els nostres continguts.<\/p><p>En compliment del que estableix l&#8217;article 22.2 de la LSSI es detallen les cookies que es poden instal\u00b7lar habitualment durant la navegaci\u00f3 per aquest lloc web:<\/p><p>MERCATORIA Advocats utilitza Google Analytics, un servei anal\u00edtic de web prestat per Google, Inc., una companyia de Delaware que t\u00e9 com a oficina principal el 1600 Amphitheatre Parkway, Mountain View (Calif\u00f2rnia), CA 94043, Estats Units (\u00abGoogle\u00bb). Google Analytics utilitza \u00abCookies\u00bb, que s\u00f3n arxius de text ubicats al vostre ordinador, per ajudar el website a analitzar l&#8217;\u00fas que fan els usuaris del lloc web. La informaci\u00f3 que genera les Cookies sobre el seu \u00fas del lloc web (incloent-hi la seva adre\u00e7a IP) ser\u00e0 directament transmesa i arxivada per Google als servidors dels Estats Units. Google utilitzar\u00e0 aquesta informaci\u00f3 per compte nostre amb el prop\u00f2sit de seguir la pista del vostre \u00fas del website, recopilant informes de l&#8217;activitat del website i prestant altres serveis relacionats amb l&#8217;activitat del website i l&#8217;\u00fas d&#8217;Internet. Google podr\u00e0 transmetre aquesta informaci\u00f3 a tercers quan aix\u00ed ho requereixi la legislaci\u00f3, o quan aquests tercers processin la informaci\u00f3 per compte de Google. Google no associar\u00e0 la vostra adre\u00e7a IP amb cap altra dada de qu\u00e8 disposi Google. Podeu rebutjar el tractament de les dades o la informaci\u00f3 rebutjant l&#8217;\u00fas de Cookies mitjan\u00e7ant la selecci\u00f3 de la configuraci\u00f3 apropiada del vostre navegador. Per con\u00e8ixer m\u00e9s informaci\u00f3 feu clic sobre el tipus de cookies que utilitza google.<\/p>\t\t\t\t\t\t\t<\/div>\r\n\t\t\t\t\t\t\t\t\t\t<\/div>\n\t\t\t\t<\/div>\n\t\t\t\t\t<\/div>\n\t\t<\/div>\n\t\t\t\t\t<\/div><\/div>\r\n\t\t<\/section>\r\n\t\t\t\t<\/div>\n\t\t","protected":false},"excerpt":{"rendered":"<p>Pol\u00edtica de cookies Aquest web, igual que la majoria de p\u00e0gines a Internet, fa servir galetes per millorar l&#8217;experi\u00e8ncia de&#8230;<\/p>\n","protected":false},"author":1,"featured_media":0,"parent":0,"menu_order":0,"comment_status":"closed","ping_status":"closed","template":"page-fullwidth.php","meta":{"footnotes":""},"class_list":["post-4358","page","type-page","status-publish"],"_links":{"self":[{"href":"https:\/\/www.mercatoria.es\/ca\/wp-json\/wp\/v2\/pages\/4358","targetHints":{"allow":["GET"]}}],"collection":[{"href":"https:\/\/www.mercatoria.es\/ca\/wp-json\/wp\/v2\/pages"}],"about":[{"href":"https:\/\/www.mercatoria.es\/ca\/wp-json\/wp\/v2\/types\/page"}],"author":[{"embeddable":true,"href":"https:\/\/www.mercatoria.es\/ca\/wp-json\/wp\/v2\/users\/1"}],"replies":[{"embeddable":true,"href":"https:\/\/www.mercatoria.es\/ca\/wp-json\/wp\/v2\/comments?post=4358"}],"version-history":[{"count":7,"href":"https:\/\/www.mercatoria.es\/ca\/wp-json\/wp\/v2\/pages\/4358\/revisions"}],"predecessor-version":[{"id":4544,"href":"https:\/\/www.mercatoria.es\/ca\/wp-json\/wp\/v2\/pages\/4358\/revisions\/4544"}],"wp:attachment":[{"href":"https:\/\/www.mercatoria.es\/ca\/wp-json\/wp\/v2\/media?parent=4358"}],"curies":[{"name":"wp","href":"https:\/\/api.w.org\/{rel}","templated":true}]}}