{"id":4370,"date":"2022-03-21T10:55:26","date_gmt":"2022-03-21T08:55:26","guid":{"rendered":"https:\/\/www.albajunyent.com\/demos\/mercatoria\/servicios\/internet-i-proteccion-de-datos\/"},"modified":"2023-01-25T10:46:22","modified_gmt":"2023-01-25T08:46:22","slug":"internet-i-proteccion-de-datos","status":"publish","type":"page","link":"https:\/\/www.mercatoria.es\/en\/servicios\/internet-i-proteccion-de-datos\/","title":{"rendered":"Internet and data protection"},"content":{"rendered":"\t\t<div data-elementor-type=\"wp-page\" data-elementor-id=\"4370\" class=\"elementor elementor-4370 elementor-2889\">\n\t\t\t\t\t\t<section class=\"elementor-section elementor-top-section elementor-element elementor-element-3ed25528 elementor-section-stretched elementor-section-boxed elementor-section-height-default elementor-section-height-default\" data-id=\"3ed25528\" data-element_type=\"section\" data-settings=\"{&quot;background_background&quot;:&quot;classic&quot;,&quot;stretch_section&quot;:&quot;section-stretched&quot;}\">\r\n\t\t\t\t\t\t\t<div class=\"elementor-background-overlay\"><\/div>\r\n\t\t\t\t\t\t\t<div class=\"elementor-container elementor-column-gap-thegem\"><div class=\"elementor-row\">\r\n\t\t\t\t\t<div class=\"elementor-column elementor-col-100 elementor-top-column elementor-element elementor-element-6c98e83e bg_square\" data-id=\"6c98e83e\" data-element_type=\"column\" data-settings=\"{&quot;background_background&quot;:&quot;classic&quot;}\">\n\t\t\t<div class=\"elementor-widget-wrap elementor-element-populated\">\n\t\t\t\t\t\t<div class=\"elementor-element elementor-element-1e7c30ea flex-horizontal-align-default flex-horizontal-align-tablet-default flex-horizontal-align-mobile-default flex-vertical-align-default flex-vertical-align-tablet-default flex-vertical-align-mobile-default elementor-widget elementor-widget-heading\" data-id=\"1e7c30ea\" data-element_type=\"widget\" data-widget_type=\"heading.default\">\n\t\t\t\t<div class=\"elementor-widget-container\">\n\t\t\t\t\t<div class=\"default elementor-heading-title elementor-size-default\">Internet and data protection<\/div>\t\t\t\t<\/div>\n\t\t\t\t<\/div>\n\t\t\t\t\t<\/div>\n\t\t<\/div>\n\t\t\t\t\t<\/div><\/div>\r\n\t\t<\/section>\r\n\t\t\t\t<section class=\"elementor-section elementor-top-section elementor-element elementor-element-6151f3b4 elementor-section-boxed elementor-section-height-default elementor-section-height-default\" data-id=\"6151f3b4\" data-element_type=\"section\">\r\n\t\t\t\t\t\t<div class=\"elementor-container elementor-column-gap-thegem\"><div class=\"elementor-row\">\r\n\t\t\t\t\t<div class=\"elementor-column elementor-col-50 elementor-top-column elementor-element elementor-element-472a13ad\" data-id=\"472a13ad\" data-element_type=\"column\">\n\t\t\t<div class=\"elementor-widget-wrap elementor-element-populated\">\n\t\t\t\t\t\t<div class=\"elementor-element elementor-element-7998c6b2 elementor-widget-divider--view-line flex-horizontal-align-default flex-horizontal-align-tablet-default flex-horizontal-align-mobile-default flex-vertical-align-default flex-vertical-align-tablet-default flex-vertical-align-mobile-default elementor-widget elementor-widget-divider\" data-id=\"7998c6b2\" data-element_type=\"widget\" data-widget_type=\"divider.default\">\n\t\t\t\t<div class=\"elementor-widget-container\">\n\t\t\t\t\t\t\t<div class=\"elementor-divider\">\n\t\t\t<span class=\"elementor-divider-separator\">\n\t\t\t\t\t\t<\/span>\n\t\t<\/div>\n\t\t\t\t\t\t<\/div>\n\t\t\t\t<\/div>\n\t\t\t\t<div class=\"elementor-element elementor-element-4305a20d elementor-widget__width-initial elementor-widget-tablet__width-inherit elementor-widget-mobile__width-inherit flex-horizontal-align-default flex-horizontal-align-tablet-default flex-horizontal-align-mobile-default flex-vertical-align-default flex-vertical-align-tablet-default flex-vertical-align-mobile-default elementor-widget elementor-widget-text-editor\" data-id=\"4305a20d\" data-element_type=\"widget\" data-widget_type=\"text-editor.default\">\n\t\t\t\t<div class=\"elementor-widget-container\">\n\t\t\t\t\t\t\t\t\t\t\t\t<div class=\"elementor-text-editor elementor-clearfix\">\r\n\t\t\t\t\t\t<div class=\"title-h4\"><p>At Mercatoria we have extensive experience and knowledge of all the legal solutions that a company may need in the field of internet, electronic commerce and in matters of personal data processing and, in particular, in adapting its services to the corresponding regulatory frameworks.<\/p><\/div>\t\t\t\t\t\t\t<\/div>\r\n\t\t\t\t\t\t\t\t\t\t<\/div>\n\t\t\t\t<\/div>\n\t\t\t\t\t<\/div>\n\t\t<\/div>\n\t\t\t\t<div class=\"elementor-column elementor-col-50 elementor-top-column elementor-element elementor-element-6c3b14d9\" data-id=\"6c3b14d9\" data-element_type=\"column\">\n\t\t\t<div class=\"elementor-widget-wrap elementor-element-populated\">\n\t\t\t\t\t\t<div class=\"elementor-element elementor-element-4b22326 elementor-widget__width-initial elementor-widget-tablet__width-inherit flex-horizontal-align-default flex-horizontal-align-tablet-default flex-horizontal-align-mobile-default flex-vertical-align-default flex-vertical-align-tablet-default flex-vertical-align-mobile-default elementor-widget elementor-widget-text-editor\" data-id=\"4b22326\" data-element_type=\"widget\" data-widget_type=\"text-editor.default\">\n\t\t\t\t<div class=\"elementor-widget-container\">\n\t\t\t\t\t\t\t\t\t\t\t\t<div class=\"elementor-text-editor elementor-clearfix\">\r\n\t\t\t\t\t\t<p>We offer comprehensive and personalized advice to our clients, adapted to their needs at all times, making use of our multidisciplinary approach and structure to order the policies for collecting personal data and their treatment, complying with current legislation and adding value to business management. of each client<\/p>\t\t\t\t\t\t\t<\/div>\r\n\t\t\t\t\t\t\t\t\t\t<\/div>\n\t\t\t\t<\/div>\n\t\t\t\t<div class=\"elementor-element elementor-element-358f7dce elementor-widget__width-initial elementor-widget-tablet__width-inherit flex-horizontal-align-default flex-horizontal-align-tablet-default flex-horizontal-align-mobile-default flex-vertical-align-default flex-vertical-align-tablet-default flex-vertical-align-mobile-default elementor-widget elementor-widget-text-editor\" data-id=\"358f7dce\" data-element_type=\"widget\" data-widget_type=\"text-editor.default\">\n\t\t\t\t<div class=\"elementor-widget-container\">\n\t\t\t\t\t\t\t\t\t\t\t\t<div class=\"elementor-text-editor elementor-clearfix\">\r\n\t\t\t\t\t\t<p>We are experts in carrying out analysis of the collection and treatment processes, in the elaboration of impact studies and determination of risk maps, as well as in all the implications from a legal point of view.<\/p><p>We work as Data Protection Officers (DPO) in various organizations and advise clients from different fields in managing these risks (Universities, Solvency Ratio Information Companies, Drug Research Committees, Education, Youtubers, Influencers&#8230;) .<\/p>\t\t\t\t\t\t\t<\/div>\r\n\t\t\t\t\t\t\t\t\t\t<\/div>\n\t\t\t\t<\/div>\n\t\t\t\t\t<\/div>\n\t\t<\/div>\n\t\t\t\t\t<\/div><\/div>\r\n\t\t<\/section>\r\n\t\t\t\t<section class=\"elementor-section elementor-top-section elementor-element elementor-element-3496e906 gris elementor-section-stretched elementor-section-boxed elementor-section-height-default elementor-section-height-default\" data-id=\"3496e906\" data-element_type=\"section\" data-settings=\"{&quot;background_background&quot;:&quot;classic&quot;,&quot;stretch_section&quot;:&quot;section-stretched&quot;}\">\r\n\t\t\t\t\t\t<div class=\"elementor-container elementor-column-gap-thegem\"><div class=\"elementor-row\">\r\n\t\t\t\t\t<div class=\"elementor-column elementor-col-100 elementor-top-column elementor-element elementor-element-2818f25e\" data-id=\"2818f25e\" data-element_type=\"column\" data-settings=\"{&quot;background_background&quot;:&quot;classic&quot;}\">\n\t\t\t<div class=\"elementor-widget-wrap elementor-element-populated\">\n\t\t\t\t\t\t<div class=\"elementor-element elementor-element-1f1bf5d3 flex-horizontal-align-default flex-horizontal-align-tablet-default flex-horizontal-align-mobile-default flex-vertical-align-default flex-vertical-align-tablet-default flex-vertical-align-mobile-default elementor-widget elementor-widget-heading\" data-id=\"1f1bf5d3\" data-element_type=\"widget\" data-widget_type=\"heading.default\">\n\t\t\t\t<div class=\"elementor-widget-container\">\n\t\t\t\t\t<h3 class=\"elementor-heading-title elementor-size-default\">Services<\/h3>\t\t\t\t<\/div>\n\t\t\t\t<\/div>\n\t\t\t\t\t<\/div>\n\t\t<\/div>\n\t\t\t\t\t<\/div><\/div>\r\n\t\t<\/section>\r\n\t\t\t\t<section class=\"elementor-section elementor-top-section elementor-element elementor-element-176e0885 elementor-section-stretched elementor-section-boxed elementor-section-height-default elementor-section-height-default\" data-id=\"176e0885\" data-element_type=\"section\" data-settings=\"{&quot;background_background&quot;:&quot;classic&quot;,&quot;stretch_section&quot;:&quot;section-stretched&quot;}\">\r\n\t\t\t\t\t\t<div class=\"elementor-container elementor-column-gap-thegem\"><div class=\"elementor-row\">\r\n\t\t\t\t\t<div class=\"elementor-column elementor-col-100 elementor-top-column elementor-element elementor-element-74d2a993\" data-id=\"74d2a993\" data-element_type=\"column\" data-settings=\"{&quot;background_background&quot;:&quot;classic&quot;}\">\n\t\t\t<div class=\"elementor-widget-wrap elementor-element-populated\">\n\t\t\t\t\t\t<section class=\"elementor-section elementor-inner-section elementor-element elementor-element-6573b206 elementor-section-boxed elementor-section-height-default elementor-section-height-default\" data-id=\"6573b206\" data-element_type=\"section\">\r\n\t\t\t\t\t\t<div class=\"elementor-container elementor-column-gap-thegem\"><div class=\"elementor-row\">\r\n\t\t\t\t\t<div class=\"elementor-column elementor-col-50 elementor-inner-column elementor-element elementor-element-1ba9d1ad\" data-id=\"1ba9d1ad\" data-element_type=\"column\">\n\t\t\t<div class=\"elementor-widget-wrap elementor-element-populated\">\n\t\t\t\t\t\t<div class=\"elementor-element elementor-element-6f2ee5ff flex-horizontal-align-default flex-horizontal-align-tablet-default flex-horizontal-align-mobile-default flex-vertical-align-default flex-vertical-align-tablet-default flex-vertical-align-mobile-default elementor-widget elementor-widget-text-editor\" data-id=\"6f2ee5ff\" data-element_type=\"widget\" data-widget_type=\"text-editor.default\">\n\t\t\t\t<div class=\"elementor-widget-container\">\n\t\t\t\t\t\t\t\t\t\t\t\t<div class=\"elementor-text-editor elementor-clearfix\">\r\n\t\t\t\t\t\t<ul><li>Electronic commerce<\/li><li>Due diligence of regulatory compliance on data protection<\/li><li>Implementation of the entire data protection policy in the company<br \/>Intellectual property rights of the software and the contents of the website<\/li><li>Advice and legal representation of youtubers and influencers<\/li><li>Review of legal texts of the web: Legal Notice, Privacy Policy, Cookies Policy, Conditions of Use, General Conditions of Contract<\/li><\/ul>\t\t\t\t\t\t\t<\/div>\r\n\t\t\t\t\t\t\t\t\t\t<\/div>\n\t\t\t\t<\/div>\n\t\t\t\t\t<\/div>\n\t\t<\/div>\n\t\t\t\t<div class=\"elementor-column elementor-col-50 elementor-inner-column elementor-element elementor-element-33d72213\" data-id=\"33d72213\" data-element_type=\"column\">\n\t\t\t<div class=\"elementor-widget-wrap elementor-element-populated\">\n\t\t\t\t\t\t<div class=\"elementor-element elementor-element-171e846 flex-horizontal-align-default flex-horizontal-align-tablet-default flex-horizontal-align-mobile-default flex-vertical-align-default flex-vertical-align-tablet-default flex-vertical-align-mobile-default elementor-widget elementor-widget-text-editor\" data-id=\"171e846\" data-element_type=\"widget\" data-widget_type=\"text-editor.default\">\n\t\t\t\t<div class=\"elementor-widget-container\">\n\t\t\t\t\t\t\t\t\t\t\t\t<div class=\"elementor-text-editor elementor-clearfix\">\r\n\t\t\t\t\t\t<ul><li>Advice on contracts for the provision of online services<\/li><li>Software Agreements: website development and maintenance, hosting, housing, cloud computing services<\/li><li>Advice on commercial communications by electronic means<\/li><\/ul>\t\t\t\t\t\t\t<\/div>\r\n\t\t\t\t\t\t\t\t\t\t<\/div>\n\t\t\t\t<\/div>\n\t\t\t\t\t<\/div>\n\t\t<\/div>\n\t\t\t\t\t<\/div><\/div>\r\n\t\t<\/section>\r\n\t\t\t\t\t<\/div>\n\t\t<\/div>\n\t\t\t\t\t<\/div><\/div>\r\n\t\t<\/section>\r\n\t\t\t\t<section class=\"elementor-section elementor-top-section elementor-element elementor-element-89fbd56 elementor-section-boxed elementor-section-height-default elementor-section-height-default\" data-id=\"89fbd56\" data-element_type=\"section\">\r\n\t\t\t\t\t\t<div class=\"elementor-container elementor-column-gap-thegem\"><div class=\"elementor-row\">\r\n\t\t\t\t\t<div class=\"elementor-column elementor-col-100 elementor-top-column elementor-element elementor-element-74c50539\" data-id=\"74c50539\" data-element_type=\"column\">\n\t\t\t<div class=\"elementor-widget-wrap elementor-element-populated\">\n\t\t\t\t\t\t<div class=\"elementor-element elementor-element-5cd7d3d6 flex-horizontal-align-default flex-horizontal-align-tablet-default flex-horizontal-align-mobile-default flex-vertical-align-default flex-vertical-align-tablet-default flex-vertical-align-mobile-default elementor-widget elementor-widget-heading\" data-id=\"5cd7d3d6\" data-element_type=\"widget\" data-widget_type=\"heading.default\">\n\t\t\t\t<div class=\"elementor-widget-container\">\n\t\t\t\t\t<h3 class=\"elementor-heading-title elementor-size-default\">News<\/h3>\t\t\t\t<\/div>\n\t\t\t\t<\/div>\n\t\t\t\t<div class=\"elementor-element elementor-element-cefdaa3 flex-horizontal-align-default flex-horizontal-align-tablet-default flex-horizontal-align-mobile-default flex-vertical-align-default flex-vertical-align-tablet-default flex-vertical-align-mobile-default elementor-widget elementor-widget-thegem-blog-grid\" data-id=\"cefdaa3\" data-element_type=\"widget\" data-settings=\"{&quot;items_per_page&quot;:3,&quot;thegem_elementor_preset&quot;:&quot;style-2&quot;,&quot;query_type&quot;:&quot;post&quot;,&quot;source&quot;:[&quot;categories&quot;],&quot;exclude_blog_posts_type&quot;:&quot;manual&quot;,&quot;order_by&quot;:&quot;default&quot;,&quot;order&quot;:&quot;default&quot;,&quot;image_icon_show&quot;:&quot;yes&quot;}\" data-widget_type=\"thegem-blog-grid.default\">\n\t\t\t\t<div class=\"elementor-widget-container\">\n\t\t\t\t\t\t\t\t<div class=\"preloader\"><div class=\"preloader-spin\"><\/div><\/div>\n\t\t\t<div class=\"blog-grid blog clearfix  justified-style-2  blog-style-justified  blog-style-3x    inline-row   blog-style-justified-3x \" data-page=\"1\" data-paged=\"1\" data-next-page=\"0\" data-load-more-action=\"thegem_bloggrid_load_more\">\n\t\t\t\n<article id=\"post-4844\" class=\"post-item col-lg-4 col-md-4 col-sm-6 col-xs-6 inline-column item-animations-not-inited post-4844 post type-post status-publish format-standard category-compliance-en category-concursal-en category-mercantil-en-2 category-procesal-en\">\n\n\t\t\t<div class=\"post-content-wrapper\">\n\t\t\n\t\t\t\t\t\t\n\t\t\t\n\t\t\t<div class=\"caption-container\">\n\t\t\t\t<div class=\"description\">\n\t\t\t\t\t<div class=\"post-meta-conteiner\">\n\n\t\t\t\t\t\t\t<span class=\"post-meta-author\">\n\t\t\t\t\t\t\t\t\t\t\t\t\t\t\t\t\tPor mercatoria\t\t\t\t\t\t\t\t\t\t\t\t\t\t\t<\/span>\n\n\t\t\t\t\t\t<div class=\"post-meta-right\">\n\t\t\t\t\t\t\t\t\t\t\t\t\t\t\t<span class=\"comments-link\"><div class=\"elementor-icon\"><i class=\"default\"><\/i> <\/div><a href=\"https:\/\/www.mercatoria.es\/en\/2023\/01\/02\/la-factura-electronica-sera-obligatoria-para-los-pymes-y-autonomos\/#respond\">0<\/a><\/span>\n\t\t\t\t\t\t\t\n\t\t\t\t\t\t\t\t\t\t\t\t\t\t\t\t\t\t\t\t<\/div>\n\t\t\t\t\t<\/div>\n\n\t\t\t\t\t<div class=\"post-title\">\n\t\t\t\t\t\t\t\t\t\t\t\t\t<div class=\"entry-title title-h4\"><a href=\"https:\/\/www.mercatoria.es\/en\/2023\/01\/02\/la-factura-electronica-sera-obligatoria-para-los-pymes-y-autonomos\/\" rel=\"bookmark\"><span class=\"entry-title-date\">02 Jan: <\/span><span class=\"light\">La factura electr\u00f3nica ser\u00e1 obligatoria para los pymes y aut\u00f3nomos<\/span><\/a><\/div>\t\t\t\t\t\t\t\t\t\t\t<\/div>\n\n\t\t\t\t\t\t\t\t\t\t\t<div class=\"post-text\">\n\t\t\t\t\t\t\t<div class=\"summary\">\n\t\t\t\t\t\t\t\t\t\t\t\t\t\t\t\t\t<p>A expensas del desarrollo reglamentario que determinar\u00e1 la fecha de entrada en vigor de esta medida, las empresas y profesionales&#8230;<\/p>\n\t\t\t\t\t\t\t\t\t\t\t\t\t\t\t<\/div>\n\t\t\t\t\t\t<\/div>\n\t\t\t\t\t\n\t\t\t\t\t<div class=\"info clearfix\">\n\t\t\t\t\t\t\t<div class=\"post-footer-sharing\">\n\t\t\t\t\t\t\t\t\t\t\t\t\t\t\t<\/div>\n\t\t\t\t\t\t\t<div class=\"post-read-more\">\n\t\t\t\t\t\t\t\t\t<div class=\"gem-button-container gem-widget-button gem-button-position-inline\">\n\t\t<a class=\"gem-button gem-button-size-tiny gem-button-style-outline\" href=\"https:\/\/www.mercatoria.es\/en\/2023\/01\/02\/la-factura-electronica-sera-obligatoria-para-los-pymes-y-autonomos\/\">\n\t\t\t<span class=\"gem-inner-wrapper-btn\">\n\t\t\t\t\t\t\t\t<span class=\"gem-text-button\">\n\t\t\t\t\tMore\t\t\t\t<\/span>\n\t\t\t<\/span>\n\t\t<\/a>\n\t<\/div>\n\t\t\t\t\t\t\t<\/div>\n\t\t\t\t\t<\/div>\n\t\t\t\t<\/div>\n\t\t\t<\/div>\n\n\t\t<\/div>\n\n<\/article>\n\n<article id=\"post-4784\" class=\"post-item col-lg-4 col-md-4 col-sm-6 col-xs-6 inline-column item-animations-not-inited post-4784 post type-post status-publish format-standard category-laboral-en\">\n\n\t\t\t<div class=\"post-content-wrapper\">\n\t\t\n\t\t\t\t\t\t\n\t\t\t\n\t\t\t<div class=\"caption-container\">\n\t\t\t\t<div class=\"description\">\n\t\t\t\t\t<div class=\"post-meta-conteiner\">\n\n\t\t\t\t\t\t\t<span class=\"post-meta-author\">\n\t\t\t\t\t\t\t\t\t\t\t\t\t\t\t\t\tPor <a href=\"https:\/\/www.albajunyent.com\/demos\/mercatoria\" title=\"Visit alba@albajunyent.com&#8217;s website\" rel=\"author external\">alba@albajunyent.com<\/a>\t\t\t\t\t\t\t\t\t\t\t\t\t\t\t<\/span>\n\n\t\t\t\t\t\t<div class=\"post-meta-right\">\n\t\t\t\t\t\t\t\t\t\t\t\t\t\t\t<span class=\"comments-link\"><div class=\"elementor-icon\"><i class=\"default\"><\/i> <\/div><a href=\"https:\/\/www.mercatoria.es\/en\/2023\/01\/02\/prorrogado-el-smi-de-2022\/#respond\">0<\/a><\/span>\n\t\t\t\t\t\t\t\n\t\t\t\t\t\t\t\t\t\t\t\t\t\t\t\t\t\t\t\t<\/div>\n\t\t\t\t\t<\/div>\n\n\t\t\t\t\t<div class=\"post-title\">\n\t\t\t\t\t\t\t\t\t\t\t\t\t<div class=\"entry-title title-h4\"><a href=\"https:\/\/www.mercatoria.es\/en\/2023\/01\/02\/prorrogado-el-smi-de-2022\/\" rel=\"bookmark\"><span class=\"entry-title-date\">02 Jan: <\/span><span class=\"light\">Prorrogado el SMI de 2022<\/span><\/a><\/div>\t\t\t\t\t\t\t\t\t\t\t<\/div>\n\n\t\t\t\t\t\t\t\t\t\t\t<div class=\"post-text\">\n\t\t\t\t\t\t\t<div class=\"summary\">\n\t\t\t\t\t\t\t\t\t\t\t\t\t\t\t\t\t<p>Se prorroga la vigencia del Real Decreto 152\/2022, de 22 de febrero, por el que se fija el salario m\u00ednimo&#8230;<\/p>\n\t\t\t\t\t\t\t\t\t\t\t\t\t\t\t<\/div>\n\t\t\t\t\t\t<\/div>\n\t\t\t\t\t\n\t\t\t\t\t<div class=\"info clearfix\">\n\t\t\t\t\t\t\t<div class=\"post-footer-sharing\">\n\t\t\t\t\t\t\t\t\t\t\t\t\t\t\t<\/div>\n\t\t\t\t\t\t\t<div class=\"post-read-more\">\n\t\t\t\t\t\t\t\t\t<div class=\"gem-button-container gem-widget-button gem-button-position-inline\">\n\t\t<a class=\"gem-button gem-button-size-tiny gem-button-style-outline\" href=\"https:\/\/www.mercatoria.es\/en\/2023\/01\/02\/prorrogado-el-smi-de-2022\/\">\n\t\t\t<span class=\"gem-inner-wrapper-btn\">\n\t\t\t\t\t\t\t\t<span class=\"gem-text-button\">\n\t\t\t\t\tMore\t\t\t\t<\/span>\n\t\t\t<\/span>\n\t\t<\/a>\n\t<\/div>\n\t\t\t\t\t\t\t<\/div>\n\t\t\t\t\t<\/div>\n\t\t\t\t<\/div>\n\t\t\t<\/div>\n\n\t\t<\/div>\n\n<\/article>\n\n<article id=\"post-4776\" class=\"post-item col-lg-4 col-md-4 col-sm-6 col-xs-6 inline-column item-animations-not-inited post-4776 post type-post status-publish format-standard category-laboral-en\">\n\n\t\t\t<div class=\"post-content-wrapper\">\n\t\t\n\t\t\t\t\t\t\n\t\t\t\n\t\t\t<div class=\"caption-container\">\n\t\t\t\t<div class=\"description\">\n\t\t\t\t\t<div class=\"post-meta-conteiner\">\n\n\t\t\t\t\t\t\t<span class=\"post-meta-author\">\n\t\t\t\t\t\t\t\t\t\t\t\t\t\t\t\t\tPor mercatoria\t\t\t\t\t\t\t\t\t\t\t\t\t\t\t<\/span>\n\n\t\t\t\t\t\t<div class=\"post-meta-right\">\n\t\t\t\t\t\t\t\t\t\t\t\t\t\t\t<span class=\"comments-link\"><div class=\"elementor-icon\"><i class=\"default\"><\/i> <\/div><a href=\"https:\/\/www.mercatoria.es\/en\/2023\/01\/02\/revalorizacion-de-pensiones-2023\/#respond\">0<\/a><\/span>\n\t\t\t\t\t\t\t\n\t\t\t\t\t\t\t\t\t\t\t\t\t\t\t\t\t\t\t\t<\/div>\n\t\t\t\t\t<\/div>\n\n\t\t\t\t\t<div class=\"post-title\">\n\t\t\t\t\t\t\t\t\t\t\t\t\t<div class=\"entry-title title-h4\"><a href=\"https:\/\/www.mercatoria.es\/en\/2023\/01\/02\/revalorizacion-de-pensiones-2023\/\" rel=\"bookmark\"><span class=\"entry-title-date\">02 Jan: <\/span><span class=\"light\">Revalorizaci\u00f3n de pensiones 2023<\/span><\/a><\/div>\t\t\t\t\t\t\t\t\t\t\t<\/div>\n\n\t\t\t\t\t\t\t\t\t\t\t<div class=\"post-text\">\n\t\t\t\t\t\t\t<div class=\"summary\">\n\t\t\t\t\t\t\t\t\t\t\t\t\t\t\t\t\t<p>En el BOE del 28 de diciembre se ha publicado el Real Decreto 1058\/2022, de 27 de diciembre, sobre actualizaci\u00f3n&#8230;<\/p>\n\t\t\t\t\t\t\t\t\t\t\t\t\t\t\t<\/div>\n\t\t\t\t\t\t<\/div>\n\t\t\t\t\t\n\t\t\t\t\t<div class=\"info clearfix\">\n\t\t\t\t\t\t\t<div class=\"post-footer-sharing\">\n\t\t\t\t\t\t\t\t\t\t\t\t\t\t\t<\/div>\n\t\t\t\t\t\t\t<div class=\"post-read-more\">\n\t\t\t\t\t\t\t\t\t<div class=\"gem-button-container gem-widget-button gem-button-position-inline\">\n\t\t<a class=\"gem-button gem-button-size-tiny gem-button-style-outline\" href=\"https:\/\/www.mercatoria.es\/en\/2023\/01\/02\/revalorizacion-de-pensiones-2023\/\">\n\t\t\t<span class=\"gem-inner-wrapper-btn\">\n\t\t\t\t\t\t\t\t<span class=\"gem-text-button\">\n\t\t\t\t\tMore\t\t\t\t<\/span>\n\t\t\t<\/span>\n\t\t<\/a>\n\t<\/div>\n\t\t\t\t\t\t\t<\/div>\n\t\t\t\t\t<\/div>\n\t\t\t\t<\/div>\n\t\t\t<\/div>\n\n\t\t<\/div>\n\n<\/article>\n\t\t\t<\/div>\n\t\t\t\t\t<style>\n\t\t\t\t.elementor-element-cefdaa3 .blog-grid .post-image a:hover:after{opacity: 1 !important;}\n\t\t\t\t.elementor-element-cefdaa3 .blog-grid .post-content-wrapper:hover .post-image a:after{opacity: 1 !important;}\n\t\t\t<\/style>\n\t\t\n\t\t\t\n\t\t\t\t\t\t\t<div class=\"preloader\"><div class=\"preloader-spin\"><\/div><\/div>\n\t\t\t\t<div class=\"blog-grid-pagination\" data-page=\"1\" data-next-page=\"0\">\n\t\t\t\t\t\t\t\t\t\t\t\t\t<div class=\"gem-pagination\"><div class=\"gem-pagination-links gem-pagination-position-center\">\n\t\t\t<span aria-current=\"page\" class=\"page-numbers current\">1<\/span>\n<a class=\"page-numbers\" href=\"https:\/\/www.mercatoria.es\/en\/wp-json\/wp\/v2\/pages\/4370\/page\/2\/\">2<\/a>\n<a class=\"next page-numbers\" href=\"https:\/\/www.mercatoria.es\/en\/wp-json\/wp\/v2\/pages\/4370\/page\/2\/\"><i class=\"default\"><\/i><\/a>\t\t<\/div><\/div><!-- .pagination -->\n\t\t\t\t\t\t\t\t\t\t\t<\/div>\n\t\t\t\n\t\t\t\n\t\t\t\n\t\t\t\n\t\t\t\t\t\t<\/div>\n\t\t\t\t<\/div>\n\t\t\t\t\t<\/div>\n\t\t<\/div>\n\t\t\t\t\t<\/div><\/div>\r\n\t\t<\/section>\r\n\t\t\t\t<section class=\"elementor-section elementor-top-section elementor-element elementor-element-47db888a elementor-section-full_width elementor-section-stretched elementor-section-height-default elementor-section-height-default\" data-id=\"47db888a\" data-element_type=\"section\" data-settings=\"{&quot;stretch_section&quot;:&quot;section-stretched&quot;}\">\r\n\t\t\t\t\t\t<div class=\"elementor-container elementor-column-gap-thegem\"><div class=\"elementor-row\">\r\n\t\t\t\t\t<div class=\"elementor-column elementor-col-100 elementor-top-column elementor-element elementor-element-30cbef66\" data-id=\"30cbef66\" data-element_type=\"column\">\n\t\t\t<div class=\"elementor-widget-wrap elementor-element-populated\">\n\t\t\t\t\t\t<div class=\"elementor-element elementor-element-580bef1 flex-horizontal-align-default flex-horizontal-align-tablet-default flex-horizontal-align-mobile-default flex-vertical-align-default flex-vertical-align-tablet-default flex-vertical-align-mobile-default elementor-widget elementor-widget-thegem-cta\" data-id=\"580bef1\" data-element_type=\"widget\" data-settings=\"{&quot;thegem_elementor_preset&quot;:&quot;solid-box&quot;}\" data-widget_type=\"thegem-cta.default\">\n\t\t\t\t<div class=\"elementor-widget-container\">\n\t\t\t\t\t\n<div class=\"gem-alert-box\">\n\n\t\n\t\t<div class=\"gem-alert-box-top gem-alert-box-top-none default-fill\">\n\t\t\t\t\t<\/div>\n\t\n\t<div class=\"gem-alert-inner default-background button-bottom\">\n\n\t\t\t\n\n\t\t\t\n\t\t\t<div class=\"gem-alert-box-content\">\n\t\t\t\t\t\t\t\t\t\n\t\t\t\t<h5 class=\"gem-cta-title title-h5 bold\">\n\t\t\t\t\tWE WILL BE GLAD TO HELP YOU\t\t\t\t<\/h5>\n\n\t\t\t\n\n\t\t\t\n\t\t\t\t<div class=\"gem-cta-description gem-text-output\">\n\t\t\t\t\t<p>For any questions, do not hesitate to contact us.<\/p>\t\t\t\t<\/div>\n\t\t\t\n\t\t\t\t\t<\/div>\n\n\t\t\t<div class=\"gem-alert-box-buttons\">\n\t\t\t\t\n\t\t\t\t\t\t\t\t\t\t\t<div class=\"gem-button-container-1 gem-widget-button\">\n\t\t\t\t\t\t\t\t\t\t<a class=\"gem-button gem-button-size-medium gem-button-text-weight-bold gem-button-style-flat\" href=\"https:\/\/www.mercatoria.es\/en\/contacto\/\">\n\t\t\t\t\t\t<span class=\"gem-inner-wrapper-btn\">\n\t\t\t\t\t\t\t\t\t\t\t\t\t\t<span class=\"gem-text-button\">\n\t\t\t\t\t\t\t\tCONTACT\t\t\t\t\t\t\t<\/span>\n\t\t\t\t\t\t<\/span>\n\t\t\t\t\t<\/a>\n\t\t\t\t<\/div>\n\t\t\t\n\t\t\t\t\t\t<\/div>\n\n\t\t\t\n\n\t<\/div>\n\n\t\n\t\t<div class=\"gem-alert-box-bottom gem-alert-box-bottom-none default-fill\">\n\t\t\t\t<\/div>\n\t<\/div>\t\t\t\t<\/div>\n\t\t\t\t<\/div>\n\t\t\t\t\t<\/div>\n\t\t<\/div>\n\t\t\t\t\t<\/div><\/div>\r\n\t\t<\/section>\r\n\t\t\t\t<\/div>\n\t\t","protected":false},"excerpt":{"rendered":"<p>Internet and data protection At Mercatoria we have extensive experience and knowledge of all the legal solutions that a company&#8230;<\/p>\n","protected":false},"author":1,"featured_media":0,"parent":4364,"menu_order":0,"comment_status":"closed","ping_status":"closed","template":"","meta":{"footnotes":""},"class_list":["post-4370","page","type-page","status-publish"],"_links":{"self":[{"href":"https:\/\/www.mercatoria.es\/en\/wp-json\/wp\/v2\/pages\/4370","targetHints":{"allow":["GET"]}}],"collection":[{"href":"https:\/\/www.mercatoria.es\/en\/wp-json\/wp\/v2\/pages"}],"about":[{"href":"https:\/\/www.mercatoria.es\/en\/wp-json\/wp\/v2\/types\/page"}],"author":[{"embeddable":true,"href":"https:\/\/www.mercatoria.es\/en\/wp-json\/wp\/v2\/users\/1"}],"replies":[{"embeddable":true,"href":"https:\/\/www.mercatoria.es\/en\/wp-json\/wp\/v2\/comments?post=4370"}],"version-history":[{"count":10,"href":"https:\/\/www.mercatoria.es\/en\/wp-json\/wp\/v2\/pages\/4370\/revisions"}],"predecessor-version":[{"id":5640,"href":"https:\/\/www.mercatoria.es\/en\/wp-json\/wp\/v2\/pages\/4370\/revisions\/5640"}],"up":[{"embeddable":true,"href":"https:\/\/www.mercatoria.es\/en\/wp-json\/wp\/v2\/pages\/4364"}],"wp:attachment":[{"href":"https:\/\/www.mercatoria.es\/en\/wp-json\/wp\/v2\/media?parent=4370"}],"curies":[{"name":"wp","href":"https:\/\/api.w.org\/{rel}","templated":true}]}}