{"id":4767,"date":"2023-01-02T16:25:22","date_gmt":"2023-01-02T14:25:22","guid":{"rendered":"https:\/\/www.mercatoria.es\/actualidad-2\/"},"modified":"2023-01-09T11:19:28","modified_gmt":"2023-01-09T09:19:28","slug":"news","status":"publish","type":"page","link":"https:\/\/www.mercatoria.es\/en\/news\/","title":{"rendered":"News"},"content":{"rendered":"\t\t<div data-elementor-type=\"wp-page\" data-elementor-id=\"4767\" class=\"elementor elementor-4767 elementor-4761\">\n\t\t\t\t\t\t<section class=\"elementor-section elementor-top-section elementor-element elementor-element-7bcb51a elementor-section-boxed elementor-section-height-default elementor-section-height-default\" data-id=\"7bcb51a\" data-element_type=\"section\" data-settings=\"{&quot;background_background&quot;:&quot;classic&quot;}\">\r\n\t\t\t\t\t\t\t<div class=\"elementor-background-overlay\"><\/div>\r\n\t\t\t\t\t\t\t<div class=\"elementor-container elementor-column-gap-thegem\"><div class=\"elementor-row\">\r\n\t\t\t\t\t<div class=\"elementor-column elementor-col-100 elementor-top-column elementor-element elementor-element-1b1db423 bg_square\" data-id=\"1b1db423\" data-element_type=\"column\" data-settings=\"{&quot;background_background&quot;:&quot;classic&quot;}\">\n\t\t\t<div class=\"elementor-widget-wrap elementor-element-populated\">\n\t\t\t\t\t\t<div class=\"elementor-element elementor-element-1608bc34 flex-horizontal-align-default flex-horizontal-align-tablet-default flex-horizontal-align-mobile-default flex-vertical-align-default flex-vertical-align-tablet-default flex-vertical-align-mobile-default elementor-widget elementor-widget-heading\" data-id=\"1608bc34\" data-element_type=\"widget\" data-widget_type=\"heading.default\">\n\t\t\t\t<div class=\"elementor-widget-container\">\n\t\t\t\t\t<div class=\"default elementor-heading-title elementor-size-default\">News<\/div>\t\t\t\t<\/div>\n\t\t\t\t<\/div>\n\t\t\t\t\t<\/div>\n\t\t<\/div>\n\t\t\t\t\t<\/div><\/div>\r\n\t\t<\/section>\r\n\t\t\t\t<section class=\"elementor-section elementor-top-section elementor-element elementor-element-8801ab3 elementor-section-boxed elementor-section-height-default elementor-section-height-default\" data-id=\"8801ab3\" data-element_type=\"section\">\r\n\t\t\t\t\t\t<div class=\"elementor-container elementor-column-gap-thegem\"><div class=\"elementor-row\">\r\n\t\t\t\t\t<div class=\"elementor-column elementor-col-100 elementor-top-column elementor-element elementor-element-9ec17d7\" data-id=\"9ec17d7\" data-element_type=\"column\">\n\t\t\t<div class=\"elementor-widget-wrap elementor-element-populated\">\n\t\t\t\t\t\t<div class=\"elementor-element elementor-element-dee99ab flex-horizontal-align-default flex-horizontal-align-tablet-default flex-horizontal-align-mobile-default flex-vertical-align-default flex-vertical-align-tablet-default flex-vertical-align-mobile-default elementor-widget elementor-widget-spacer\" data-id=\"dee99ab\" data-element_type=\"widget\" data-widget_type=\"spacer.default\">\n\t\t\t\t<div class=\"elementor-widget-container\">\n\t\t\t\t\t\t\t<div class=\"elementor-spacer\">\n\t\t\t<div class=\"elementor-spacer-inner\"><\/div>\n\t\t<\/div>\n\t\t\t\t\t\t<\/div>\n\t\t\t\t<\/div>\n\t\t\t\t<div class=\"elementor-element elementor-element-3137559 flex-horizontal-align-default flex-horizontal-align-tablet-default flex-horizontal-align-mobile-default flex-vertical-align-default flex-vertical-align-tablet-default flex-vertical-align-mobile-default elementor-widget elementor-widget-thegem-blog-grid\" data-id=\"3137559\" data-element_type=\"widget\" data-settings=\"{&quot;categories&quot;:[&quot;0&quot;],&quot;thegem_elementor_preset&quot;:&quot;style-2&quot;,&quot;query_type&quot;:&quot;post&quot;,&quot;source&quot;:[&quot;categories&quot;],&quot;exclude_blog_posts_type&quot;:&quot;manual&quot;,&quot;order_by&quot;:&quot;default&quot;,&quot;order&quot;:&quot;default&quot;,&quot;items_per_page&quot;:8,&quot;image_icon_show&quot;:&quot;yes&quot;}\" data-widget_type=\"thegem-blog-grid.default\">\n\t\t\t\t<div class=\"elementor-widget-container\">\n\t\t\t\t\t\t\t\t<div class=\"preloader\"><div class=\"preloader-spin\"><\/div><\/div>\n\t\t\t<div class=\"blog-grid blog clearfix  justified-style-2  blog-style-justified  blog-style-3x    inline-row   blog-style-justified-3x \" data-page=\"1\" data-paged=\"1\" data-next-page=\"0\" data-load-more-action=\"thegem_bloggrid_load_more\">\n\t\t\t\n<article id=\"post-4844\" class=\"post-item col-lg-4 col-md-4 col-sm-6 col-xs-6 inline-column item-animations-not-inited post-4844 post type-post status-publish format-standard category-compliance-en category-concursal-en category-mercantil-en-2 category-procesal-en\">\n\n\t\t\t<div class=\"post-content-wrapper\">\n\t\t\n\t\t\t\t\t\t\n\t\t\t\n\t\t\t<div class=\"caption-container\">\n\t\t\t\t<div class=\"description\">\n\t\t\t\t\t<div class=\"post-meta-conteiner\">\n\n\t\t\t\t\t\t\t<span class=\"post-meta-author\">\n\t\t\t\t\t\t\t\t\t\t\t\t\t\t\t<\/span>\n\n\t\t\t\t\t\t<div class=\"post-meta-right\">\n\t\t\t\t\t\t\t\n\t\t\t\t\t\t\t\t\t\t\t\t\t\t\t\t\t\t\t\t<\/div>\n\t\t\t\t\t<\/div>\n\n\t\t\t\t\t<div class=\"post-title\">\n\t\t\t\t\t\t\t\t\t\t\t\t\t<div class=\"entry-title title-h4\"><a href=\"https:\/\/www.mercatoria.es\/en\/2023\/01\/02\/la-factura-electronica-sera-obligatoria-para-los-pymes-y-autonomos\/\" rel=\"bookmark\"><span class=\"entry-title-date\">02 Jan: <\/span><span class=\"light\">La factura electr\u00f3nica ser\u00e1 obligatoria para los pymes y aut\u00f3nomos<\/span><\/a><\/div>\t\t\t\t\t\t\t\t\t\t\t<\/div>\n\n\t\t\t\t\t\t\t\t\t\t\t<div class=\"post-text\">\n\t\t\t\t\t\t\t<div class=\"summary\">\n\t\t\t\t\t\t\t\t\t\t\t\t\t\t\t\t\t<p>A expensas del desarrollo reglamentario que determinar\u00e1 la fecha de entrada en vigor de esta medida, las empresas y profesionales&#8230;<\/p>\n\t\t\t\t\t\t\t\t\t\t\t\t\t\t\t<\/div>\n\t\t\t\t\t\t<\/div>\n\t\t\t\t\t\n\t\t\t\t\t<div class=\"info clearfix\">\n\t\t\t\t\t\t\t<div class=\"post-footer-sharing\">\n\t\t\t\t\t\t\t\t\n<div class=\"gem-button-container gem-widget-button gem-button-position-inline\">\n\t<a class=\"gem-button gem-button-size-tiny gem-button-style-flat gem-button-text-weight-normal gem-button-empty\" href=\"#\" target=\"_self\" role=\"button\" aria-label=\"Share\">\n\t\t<div class=\"elementor-icon\">\n\t\t\t\t\t\t\t<i class=\"default\"><\/i>\n\t\t\t\t\t<\/div>\n\t<\/a>\n<\/div>\n\n<div class=\"sharing-popup\">\n\t<div class=\"socials-sharing socials socials-colored-hover\">\n\n\t\t\t\t\t<a class=\"socials-item\" target=\"_blank\" href=\"https:\/\/www.facebook.com\/sharer\/sharer.php?u=https%3A%2F%2Fwww.mercatoria.es%2Fen%2F2023%2F01%2F02%2Fla-factura-electronica-sera-obligatoria-para-los-pymes-y-autonomos%2F\" title=\"Facebook\"><i class=\"socials-item-icon facebook\"><\/i><\/a>\n\t\t\n\t\t\t\t\t<a class=\"socials-item\" target=\"_blank\" href=\"https:\/\/twitter.com\/intent\/tweet?text=La+factura+electr%C3%B3nica+ser%C3%A1+obligatoria+para+los+pymes+y+aut%C3%B3nomos&#038;url=https%3A%2F%2Fwww.mercatoria.es%2Fen%2F2023%2F01%2F02%2Fla-factura-electronica-sera-obligatoria-para-los-pymes-y-autonomos%2F\" title=\"Twitter\"><i class=\"socials-item-icon twitter\"><\/i><\/a>\n\t\t\n\t\t\t\t\t<a class=\"socials-item\" target=\"_blank\" href=\"https:\/\/pinterest.com\/pin\/create\/button\/?url=https%3A%2F%2Fwww.mercatoria.es%2Fen%2F2023%2F01%2F02%2Fla-factura-electronica-sera-obligatoria-para-los-pymes-y-autonomos%2F&#038;description=La+factura+electr%C3%B3nica+ser%C3%A1+obligatoria+para+los+pymes+y+aut%C3%B3nomos\" title=\"Pinterest\"><i class=\"socials-item-icon pinterest\"><\/i><\/a>\n\t\t\n\t\t\t\t\t<a class=\"socials-item\" target=\"_blank\" href=\"http:\/\/tumblr.com\/widgets\/share\/tool?canonicalUrl=https%3A%2F%2Fwww.mercatoria.es%2Fen%2F2023%2F01%2F02%2Fla-factura-electronica-sera-obligatoria-para-los-pymes-y-autonomos%2F\" title=\"Tumblr\"><i class=\"socials-item-icon tumblr\"><\/i><\/a>\n\t\t\n\t\t\t\t\t<a class=\"socials-item\" target=\"_blank\" href=\"https:\/\/www.linkedin.com\/shareArticle?mini=true&#038;url=https%3A%2F%2Fwww.mercatoria.es%2Fen%2F2023%2F01%2F02%2Fla-factura-electronica-sera-obligatoria-para-los-pymes-y-autonomos%2F&#038;title=La+factura+electr%C3%B3nica+ser%C3%A1+obligatoria+para+los+pymes+y+aut%C3%B3nomos&amp;summary=A+expensas+del+desarrollo+reglamentario+que+determinar%C3%A1+la+fecha+de+entrada+en+vigor+de+esta+medida%2C+las+empresas+y+profesionales...\" title=\"LinkedIn\"><i class=\"socials-item-icon linkedin\"><\/i><\/a>\n\t\t\n\t\t\t\t\t<a class=\"socials-item\" target=\"_blank\" href=\"https:\/\/www.reddit.com\/submit?url=https%3A%2F%2Fwww.mercatoria.es%2Fen%2F2023%2F01%2F02%2Fla-factura-electronica-sera-obligatoria-para-los-pymes-y-autonomos%2F&#038;title=La+factura+electr%C3%B3nica+ser%C3%A1+obligatoria+para+los+pymes+y+aut%C3%B3nomos\" title=\"Reddit\"><i class=\"socials-item-icon reddit\"><\/i><\/a>\n\t\t\n\t<\/div>\n\t<svg class=\"sharing-styled-arrow\"><use xlink:href=\"https:\/\/www.mercatoria.es\/wp-content\/themes\/thegem-elementor\/css\/post-arrow.svg#dec-post-arrow\"><\/use><\/svg>\n<\/div>\n\t\t\t\t\t\t\t<\/div>\n\t\t\t\t\t\t\t<div class=\"post-read-more\">\n\t\t\t\t\t\t\t\t\t<div class=\"gem-button-container gem-widget-button gem-button-position-inline\">\n\t\t<a class=\"gem-button gem-button-size-tiny gem-button-style-outline\" href=\"https:\/\/www.mercatoria.es\/en\/2023\/01\/02\/la-factura-electronica-sera-obligatoria-para-los-pymes-y-autonomos\/\">\n\t\t\t<span class=\"gem-inner-wrapper-btn\">\n\t\t\t\t\t\t\t\t<span class=\"gem-text-button\">\n\t\t\t\t\tLeer M\u00e1s\t\t\t\t<\/span>\n\t\t\t<\/span>\n\t\t<\/a>\n\t<\/div>\n\t\t\t\t\t\t\t<\/div>\n\t\t\t\t\t<\/div>\n\t\t\t\t<\/div>\n\t\t\t<\/div>\n\n\t\t<\/div>\n\n<\/article>\n\n<article id=\"post-4784\" class=\"post-item col-lg-4 col-md-4 col-sm-6 col-xs-6 inline-column item-animations-not-inited post-4784 post type-post status-publish format-standard category-laboral-en\">\n\n\t\t\t<div class=\"post-content-wrapper\">\n\t\t\n\t\t\t\t\t\t\n\t\t\t\n\t\t\t<div class=\"caption-container\">\n\t\t\t\t<div class=\"description\">\n\t\t\t\t\t<div class=\"post-meta-conteiner\">\n\n\t\t\t\t\t\t\t<span class=\"post-meta-author\">\n\t\t\t\t\t\t\t\t\t\t\t\t\t\t\t<\/span>\n\n\t\t\t\t\t\t<div class=\"post-meta-right\">\n\t\t\t\t\t\t\t\n\t\t\t\t\t\t\t\t\t\t\t\t\t\t\t\t\t\t\t\t<\/div>\n\t\t\t\t\t<\/div>\n\n\t\t\t\t\t<div class=\"post-title\">\n\t\t\t\t\t\t\t\t\t\t\t\t\t<div class=\"entry-title title-h4\"><a href=\"https:\/\/www.mercatoria.es\/en\/2023\/01\/02\/prorrogado-el-smi-de-2022\/\" rel=\"bookmark\"><span class=\"entry-title-date\">02 Jan: <\/span><span class=\"light\">Prorrogado el SMI de 2022<\/span><\/a><\/div>\t\t\t\t\t\t\t\t\t\t\t<\/div>\n\n\t\t\t\t\t\t\t\t\t\t\t<div class=\"post-text\">\n\t\t\t\t\t\t\t<div class=\"summary\">\n\t\t\t\t\t\t\t\t\t\t\t\t\t\t\t\t\t<p>Se prorroga la vigencia del Real Decreto 152\/2022, de 22 de febrero, por el que se fija el salario m\u00ednimo&#8230;<\/p>\n\t\t\t\t\t\t\t\t\t\t\t\t\t\t\t<\/div>\n\t\t\t\t\t\t<\/div>\n\t\t\t\t\t\n\t\t\t\t\t<div class=\"info clearfix\">\n\t\t\t\t\t\t\t<div class=\"post-footer-sharing\">\n\t\t\t\t\t\t\t\t\n<div class=\"gem-button-container gem-widget-button gem-button-position-inline\">\n\t<a class=\"gem-button gem-button-size-tiny gem-button-style-flat gem-button-text-weight-normal gem-button-empty\" href=\"#\" target=\"_self\" role=\"button\" aria-label=\"Share\">\n\t\t<div class=\"elementor-icon\">\n\t\t\t\t\t\t\t<i class=\"default\"><\/i>\n\t\t\t\t\t<\/div>\n\t<\/a>\n<\/div>\n\n<div class=\"sharing-popup\">\n\t<div class=\"socials-sharing socials socials-colored-hover\">\n\n\t\t\t\t\t<a class=\"socials-item\" target=\"_blank\" href=\"https:\/\/www.facebook.com\/sharer\/sharer.php?u=https%3A%2F%2Fwww.mercatoria.es%2Fen%2F2023%2F01%2F02%2Fprorrogado-el-smi-de-2022%2F\" title=\"Facebook\"><i class=\"socials-item-icon facebook\"><\/i><\/a>\n\t\t\n\t\t\t\t\t<a class=\"socials-item\" target=\"_blank\" href=\"https:\/\/twitter.com\/intent\/tweet?text=Prorrogado+el+SMI+de+2022&#038;url=https%3A%2F%2Fwww.mercatoria.es%2Fen%2F2023%2F01%2F02%2Fprorrogado-el-smi-de-2022%2F\" title=\"Twitter\"><i class=\"socials-item-icon twitter\"><\/i><\/a>\n\t\t\n\t\t\t\t\t<a class=\"socials-item\" target=\"_blank\" href=\"https:\/\/pinterest.com\/pin\/create\/button\/?url=https%3A%2F%2Fwww.mercatoria.es%2Fen%2F2023%2F01%2F02%2Fprorrogado-el-smi-de-2022%2F&#038;description=Prorrogado+el+SMI+de+2022\" title=\"Pinterest\"><i class=\"socials-item-icon pinterest\"><\/i><\/a>\n\t\t\n\t\t\t\t\t<a class=\"socials-item\" target=\"_blank\" href=\"http:\/\/tumblr.com\/widgets\/share\/tool?canonicalUrl=https%3A%2F%2Fwww.mercatoria.es%2Fen%2F2023%2F01%2F02%2Fprorrogado-el-smi-de-2022%2F\" title=\"Tumblr\"><i class=\"socials-item-icon tumblr\"><\/i><\/a>\n\t\t\n\t\t\t\t\t<a class=\"socials-item\" target=\"_blank\" href=\"https:\/\/www.linkedin.com\/shareArticle?mini=true&#038;url=https%3A%2F%2Fwww.mercatoria.es%2Fen%2F2023%2F01%2F02%2Fprorrogado-el-smi-de-2022%2F&#038;title=Prorrogado+el+SMI+de+2022&amp;summary=Se+prorroga+la+vigencia+del+Real+Decreto+152%2F2022%2C+de+22+de+febrero%2C+por+el+que+se+fija+el+salario+m%C3%ADnimo...\" title=\"LinkedIn\"><i class=\"socials-item-icon linkedin\"><\/i><\/a>\n\t\t\n\t\t\t\t\t<a class=\"socials-item\" target=\"_blank\" href=\"https:\/\/www.reddit.com\/submit?url=https%3A%2F%2Fwww.mercatoria.es%2Fen%2F2023%2F01%2F02%2Fprorrogado-el-smi-de-2022%2F&#038;title=Prorrogado+el+SMI+de+2022\" title=\"Reddit\"><i class=\"socials-item-icon reddit\"><\/i><\/a>\n\t\t\n\t<\/div>\n\t<svg class=\"sharing-styled-arrow\"><use xlink:href=\"https:\/\/www.mercatoria.es\/wp-content\/themes\/thegem-elementor\/css\/post-arrow.svg#dec-post-arrow\"><\/use><\/svg>\n<\/div>\n\t\t\t\t\t\t\t<\/div>\n\t\t\t\t\t\t\t<div class=\"post-read-more\">\n\t\t\t\t\t\t\t\t\t<div class=\"gem-button-container gem-widget-button gem-button-position-inline\">\n\t\t<a class=\"gem-button gem-button-size-tiny gem-button-style-outline\" href=\"https:\/\/www.mercatoria.es\/en\/2023\/01\/02\/prorrogado-el-smi-de-2022\/\">\n\t\t\t<span class=\"gem-inner-wrapper-btn\">\n\t\t\t\t\t\t\t\t<span class=\"gem-text-button\">\n\t\t\t\t\tLeer M\u00e1s\t\t\t\t<\/span>\n\t\t\t<\/span>\n\t\t<\/a>\n\t<\/div>\n\t\t\t\t\t\t\t<\/div>\n\t\t\t\t\t<\/div>\n\t\t\t\t<\/div>\n\t\t\t<\/div>\n\n\t\t<\/div>\n\n<\/article>\n\n<article id=\"post-4776\" class=\"post-item col-lg-4 col-md-4 col-sm-6 col-xs-6 inline-column item-animations-not-inited post-4776 post type-post status-publish format-standard category-laboral-en\">\n\n\t\t\t<div class=\"post-content-wrapper\">\n\t\t\n\t\t\t\t\t\t\n\t\t\t\n\t\t\t<div class=\"caption-container\">\n\t\t\t\t<div class=\"description\">\n\t\t\t\t\t<div class=\"post-meta-conteiner\">\n\n\t\t\t\t\t\t\t<span class=\"post-meta-author\">\n\t\t\t\t\t\t\t\t\t\t\t\t\t\t\t<\/span>\n\n\t\t\t\t\t\t<div class=\"post-meta-right\">\n\t\t\t\t\t\t\t\n\t\t\t\t\t\t\t\t\t\t\t\t\t\t\t\t\t\t\t\t<\/div>\n\t\t\t\t\t<\/div>\n\n\t\t\t\t\t<div class=\"post-title\">\n\t\t\t\t\t\t\t\t\t\t\t\t\t<div class=\"entry-title title-h4\"><a href=\"https:\/\/www.mercatoria.es\/en\/2023\/01\/02\/revalorizacion-de-pensiones-2023\/\" rel=\"bookmark\"><span class=\"entry-title-date\">02 Jan: <\/span><span class=\"light\">Revalorizaci\u00f3n de pensiones 2023<\/span><\/a><\/div>\t\t\t\t\t\t\t\t\t\t\t<\/div>\n\n\t\t\t\t\t\t\t\t\t\t\t<div class=\"post-text\">\n\t\t\t\t\t\t\t<div class=\"summary\">\n\t\t\t\t\t\t\t\t\t\t\t\t\t\t\t\t\t<p>En el BOE del 28 de diciembre se ha publicado el Real Decreto 1058\/2022, de 27 de diciembre, sobre actualizaci\u00f3n&#8230;<\/p>\n\t\t\t\t\t\t\t\t\t\t\t\t\t\t\t<\/div>\n\t\t\t\t\t\t<\/div>\n\t\t\t\t\t\n\t\t\t\t\t<div class=\"info clearfix\">\n\t\t\t\t\t\t\t<div class=\"post-footer-sharing\">\n\t\t\t\t\t\t\t\t\n<div class=\"gem-button-container gem-widget-button gem-button-position-inline\">\n\t<a class=\"gem-button gem-button-size-tiny gem-button-style-flat gem-button-text-weight-normal gem-button-empty\" href=\"#\" target=\"_self\" role=\"button\" aria-label=\"Share\">\n\t\t<div class=\"elementor-icon\">\n\t\t\t\t\t\t\t<i class=\"default\"><\/i>\n\t\t\t\t\t<\/div>\n\t<\/a>\n<\/div>\n\n<div class=\"sharing-popup\">\n\t<div class=\"socials-sharing socials socials-colored-hover\">\n\n\t\t\t\t\t<a class=\"socials-item\" target=\"_blank\" href=\"https:\/\/www.facebook.com\/sharer\/sharer.php?u=https%3A%2F%2Fwww.mercatoria.es%2Fen%2F2023%2F01%2F02%2Frevalorizacion-de-pensiones-2023%2F\" title=\"Facebook\"><i class=\"socials-item-icon facebook\"><\/i><\/a>\n\t\t\n\t\t\t\t\t<a class=\"socials-item\" target=\"_blank\" href=\"https:\/\/twitter.com\/intent\/tweet?text=Revalorizaci%C3%B3n+de+pensiones+2023&#038;url=https%3A%2F%2Fwww.mercatoria.es%2Fen%2F2023%2F01%2F02%2Frevalorizacion-de-pensiones-2023%2F\" title=\"Twitter\"><i class=\"socials-item-icon twitter\"><\/i><\/a>\n\t\t\n\t\t\t\t\t<a class=\"socials-item\" target=\"_blank\" href=\"https:\/\/pinterest.com\/pin\/create\/button\/?url=https%3A%2F%2Fwww.mercatoria.es%2Fen%2F2023%2F01%2F02%2Frevalorizacion-de-pensiones-2023%2F&#038;description=Revalorizaci%C3%B3n+de+pensiones+2023\" title=\"Pinterest\"><i class=\"socials-item-icon pinterest\"><\/i><\/a>\n\t\t\n\t\t\t\t\t<a class=\"socials-item\" target=\"_blank\" href=\"http:\/\/tumblr.com\/widgets\/share\/tool?canonicalUrl=https%3A%2F%2Fwww.mercatoria.es%2Fen%2F2023%2F01%2F02%2Frevalorizacion-de-pensiones-2023%2F\" title=\"Tumblr\"><i class=\"socials-item-icon tumblr\"><\/i><\/a>\n\t\t\n\t\t\t\t\t<a class=\"socials-item\" target=\"_blank\" href=\"https:\/\/www.linkedin.com\/shareArticle?mini=true&#038;url=https%3A%2F%2Fwww.mercatoria.es%2Fen%2F2023%2F01%2F02%2Frevalorizacion-de-pensiones-2023%2F&#038;title=Revalorizaci%C3%B3n+de+pensiones+2023&amp;summary=En+el+BOE+del+28+de+diciembre+se+ha+publicado+el+Real+Decreto+1058%2F2022%2C+de+27+de+diciembre%2C+sobre+actualizaci%C3%B3n...\" title=\"LinkedIn\"><i class=\"socials-item-icon linkedin\"><\/i><\/a>\n\t\t\n\t\t\t\t\t<a class=\"socials-item\" target=\"_blank\" href=\"https:\/\/www.reddit.com\/submit?url=https%3A%2F%2Fwww.mercatoria.es%2Fen%2F2023%2F01%2F02%2Frevalorizacion-de-pensiones-2023%2F&#038;title=Revalorizaci%C3%B3n+de+pensiones+2023\" title=\"Reddit\"><i class=\"socials-item-icon reddit\"><\/i><\/a>\n\t\t\n\t<\/div>\n\t<svg class=\"sharing-styled-arrow\"><use xlink:href=\"https:\/\/www.mercatoria.es\/wp-content\/themes\/thegem-elementor\/css\/post-arrow.svg#dec-post-arrow\"><\/use><\/svg>\n<\/div>\n\t\t\t\t\t\t\t<\/div>\n\t\t\t\t\t\t\t<div class=\"post-read-more\">\n\t\t\t\t\t\t\t\t\t<div class=\"gem-button-container gem-widget-button gem-button-position-inline\">\n\t\t<a class=\"gem-button gem-button-size-tiny gem-button-style-outline\" href=\"https:\/\/www.mercatoria.es\/en\/2023\/01\/02\/revalorizacion-de-pensiones-2023\/\">\n\t\t\t<span class=\"gem-inner-wrapper-btn\">\n\t\t\t\t\t\t\t\t<span class=\"gem-text-button\">\n\t\t\t\t\tLeer M\u00e1s\t\t\t\t<\/span>\n\t\t\t<\/span>\n\t\t<\/a>\n\t<\/div>\n\t\t\t\t\t\t\t<\/div>\n\t\t\t\t\t<\/div>\n\t\t\t\t<\/div>\n\t\t\t<\/div>\n\n\t\t<\/div>\n\n<\/article>\n\n<article id=\"post-4778\" class=\"post-item col-lg-4 col-md-4 col-sm-6 col-xs-6 inline-column item-animations-not-inited post-4778 post type-post status-publish format-standard category-noticias-en\">\n\n\t\t\t<div class=\"post-content-wrapper\">\n\t\t\n\t\t\t\t\t\t\n\t\t\t\n\t\t\t<div class=\"caption-container\">\n\t\t\t\t<div class=\"description\">\n\t\t\t\t\t<div class=\"post-meta-conteiner\">\n\n\t\t\t\t\t\t\t<span class=\"post-meta-author\">\n\t\t\t\t\t\t\t\t\t\t\t\t\t\t\t<\/span>\n\n\t\t\t\t\t\t<div class=\"post-meta-right\">\n\t\t\t\t\t\t\t\n\t\t\t\t\t\t\t\t\t\t\t\t\t\t\t\t\t\t\t\t<\/div>\n\t\t\t\t\t<\/div>\n\n\t\t\t\t\t<div class=\"post-title\">\n\t\t\t\t\t\t\t\t\t\t\t\t\t<div class=\"entry-title title-h4\"><a href=\"https:\/\/www.mercatoria.es\/en\/2023\/01\/02\/nuevas-medidas-contra-la-inflacion-rebaja-iva-alimentos-cheque-200-euros-ayudas-transporte-2\/\" rel=\"bookmark\"><span class=\"entry-title-date\">02 Jan: <\/span><span class=\"light\">Nuevas medidas contra la inflaci\u00f3n: rebaja IVA alimentos, cheque 200 euros, ayudas transporte&#8230;<\/span><\/a><\/div>\t\t\t\t\t\t\t\t\t\t\t<\/div>\n\n\t\t\t\t\t\t\t\t\t\t\t<div class=\"post-text\">\n\t\t\t\t\t\t\t<div class=\"summary\">\n\t\t\t\t\t\t\t\t\t\t\t\t\t\t\t\t\t<p>En el BOE del d\u00eda 28 de diciembre se ha publicado el Real Decreto-ley 20\/2022, de 27 de diciembre, de&#8230;<\/p>\n\t\t\t\t\t\t\t\t\t\t\t\t\t\t\t<\/div>\n\t\t\t\t\t\t<\/div>\n\t\t\t\t\t\n\t\t\t\t\t<div class=\"info clearfix\">\n\t\t\t\t\t\t\t<div class=\"post-footer-sharing\">\n\t\t\t\t\t\t\t\t\n<div class=\"gem-button-container gem-widget-button gem-button-position-inline\">\n\t<a class=\"gem-button gem-button-size-tiny gem-button-style-flat gem-button-text-weight-normal gem-button-empty\" href=\"#\" target=\"_self\" role=\"button\" aria-label=\"Share\">\n\t\t<div class=\"elementor-icon\">\n\t\t\t\t\t\t\t<i class=\"default\"><\/i>\n\t\t\t\t\t<\/div>\n\t<\/a>\n<\/div>\n\n<div class=\"sharing-popup\">\n\t<div class=\"socials-sharing socials socials-colored-hover\">\n\n\t\t\t\t\t<a class=\"socials-item\" target=\"_blank\" href=\"https:\/\/www.facebook.com\/sharer\/sharer.php?u=https%3A%2F%2Fwww.mercatoria.es%2Fen%2F2023%2F01%2F02%2Fnuevas-medidas-contra-la-inflacion-rebaja-iva-alimentos-cheque-200-euros-ayudas-transporte-2%2F\" title=\"Facebook\"><i class=\"socials-item-icon facebook\"><\/i><\/a>\n\t\t\n\t\t\t\t\t<a class=\"socials-item\" target=\"_blank\" href=\"https:\/\/twitter.com\/intent\/tweet?text=Nuevas+medidas+contra+la+inflaci%C3%B3n%3A+rebaja+IVA+alimentos%2C+cheque+200+euros%2C+ayudas+transporte%26%238230%3B&#038;url=https%3A%2F%2Fwww.mercatoria.es%2Fen%2F2023%2F01%2F02%2Fnuevas-medidas-contra-la-inflacion-rebaja-iva-alimentos-cheque-200-euros-ayudas-transporte-2%2F\" title=\"Twitter\"><i class=\"socials-item-icon twitter\"><\/i><\/a>\n\t\t\n\t\t\t\t\t<a class=\"socials-item\" target=\"_blank\" href=\"https:\/\/pinterest.com\/pin\/create\/button\/?url=https%3A%2F%2Fwww.mercatoria.es%2Fen%2F2023%2F01%2F02%2Fnuevas-medidas-contra-la-inflacion-rebaja-iva-alimentos-cheque-200-euros-ayudas-transporte-2%2F&#038;description=Nuevas+medidas+contra+la+inflaci%C3%B3n%3A+rebaja+IVA+alimentos%2C+cheque+200+euros%2C+ayudas+transporte%26%238230%3B\" title=\"Pinterest\"><i class=\"socials-item-icon pinterest\"><\/i><\/a>\n\t\t\n\t\t\t\t\t<a class=\"socials-item\" target=\"_blank\" href=\"http:\/\/tumblr.com\/widgets\/share\/tool?canonicalUrl=https%3A%2F%2Fwww.mercatoria.es%2Fen%2F2023%2F01%2F02%2Fnuevas-medidas-contra-la-inflacion-rebaja-iva-alimentos-cheque-200-euros-ayudas-transporte-2%2F\" title=\"Tumblr\"><i class=\"socials-item-icon tumblr\"><\/i><\/a>\n\t\t\n\t\t\t\t\t<a class=\"socials-item\" target=\"_blank\" href=\"https:\/\/www.linkedin.com\/shareArticle?mini=true&#038;url=https%3A%2F%2Fwww.mercatoria.es%2Fen%2F2023%2F01%2F02%2Fnuevas-medidas-contra-la-inflacion-rebaja-iva-alimentos-cheque-200-euros-ayudas-transporte-2%2F&#038;title=Nuevas+medidas+contra+la+inflaci%C3%B3n%3A+rebaja+IVA+alimentos%2C+cheque+200+euros%2C+ayudas+transporte%26%238230%3B&amp;summary=En+el+BOE+del+d%C3%ADa+28+de+diciembre+se+ha+publicado+el+Real+Decreto-ley+20%2F2022%2C+de+27+de+diciembre%2C+de...\" title=\"LinkedIn\"><i class=\"socials-item-icon linkedin\"><\/i><\/a>\n\t\t\n\t\t\t\t\t<a class=\"socials-item\" target=\"_blank\" href=\"https:\/\/www.reddit.com\/submit?url=https%3A%2F%2Fwww.mercatoria.es%2Fen%2F2023%2F01%2F02%2Fnuevas-medidas-contra-la-inflacion-rebaja-iva-alimentos-cheque-200-euros-ayudas-transporte-2%2F&#038;title=Nuevas+medidas+contra+la+inflaci%C3%B3n%3A+rebaja+IVA+alimentos%2C+cheque+200+euros%2C+ayudas+transporte%26%238230%3B\" title=\"Reddit\"><i class=\"socials-item-icon reddit\"><\/i><\/a>\n\t\t\n\t<\/div>\n\t<svg class=\"sharing-styled-arrow\"><use xlink:href=\"https:\/\/www.mercatoria.es\/wp-content\/themes\/thegem-elementor\/css\/post-arrow.svg#dec-post-arrow\"><\/use><\/svg>\n<\/div>\n\t\t\t\t\t\t\t<\/div>\n\t\t\t\t\t\t\t<div class=\"post-read-more\">\n\t\t\t\t\t\t\t\t\t<div class=\"gem-button-container gem-widget-button gem-button-position-inline\">\n\t\t<a class=\"gem-button gem-button-size-tiny gem-button-style-outline\" href=\"https:\/\/www.mercatoria.es\/en\/2023\/01\/02\/nuevas-medidas-contra-la-inflacion-rebaja-iva-alimentos-cheque-200-euros-ayudas-transporte-2\/\">\n\t\t\t<span class=\"gem-inner-wrapper-btn\">\n\t\t\t\t\t\t\t\t<span class=\"gem-text-button\">\n\t\t\t\t\tLeer M\u00e1s\t\t\t\t<\/span>\n\t\t\t<\/span>\n\t\t<\/a>\n\t<\/div>\n\t\t\t\t\t\t\t<\/div>\n\t\t\t\t\t<\/div>\n\t\t\t\t<\/div>\n\t\t\t<\/div>\n\n\t\t<\/div>\n\n<\/article>\n\t\t\t<\/div>\n\t\t\t\t\t<style>\n\t\t\t\t.elementor-element-3137559 .blog-grid .post-image a:hover:after{opacity: 1 !important;}\n\t\t\t\t.elementor-element-3137559 .blog-grid .post-content-wrapper:hover .post-image a:after{opacity: 1 !important;}\n\t\t\t<\/style>\n\t\t\n\t\t\t\n\t\t\t\t\t\t\t<div class=\"preloader\"><div class=\"preloader-spin\"><\/div><\/div>\n\t\t\t\t<div class=\"blog-grid-pagination\" data-page=\"1\" data-next-page=\"0\">\n\t\t\t\t\t\t\t\t\t\t\t\t\t\t\t\t\t\t\t\t<\/div>\n\t\t\t\n\t\t\t\n\t\t\t\n\t\t\t\n\t\t\t\t\t\t<\/div>\n\t\t\t\t<\/div>\n\t\t\t\t\t<\/div>\n\t\t<\/div>\n\t\t\t\t\t<\/div><\/div>\r\n\t\t<\/section>\r\n\t\t\t\t<\/div>\n\t\t","protected":false},"excerpt":{"rendered":"<p>News 02 Ene: La factura electr\u00f3nica ser\u00e1 obligatoria para los pymes y aut\u00f3nomos A expensas del desarrollo reglamentario que determinar\u00e1&#8230;<\/p>\n","protected":false},"author":1,"featured_media":0,"parent":0,"menu_order":0,"comment_status":"closed","ping_status":"closed","template":"page-fullwidth.php","meta":{"footnotes":""},"class_list":["post-4767","page","type-page","status-publish"],"_links":{"self":[{"href":"https:\/\/www.mercatoria.es\/en\/wp-json\/wp\/v2\/pages\/4767","targetHints":{"allow":["GET"]}}],"collection":[{"href":"https:\/\/www.mercatoria.es\/en\/wp-json\/wp\/v2\/pages"}],"about":[{"href":"https:\/\/www.mercatoria.es\/en\/wp-json\/wp\/v2\/types\/page"}],"author":[{"embeddable":true,"href":"https:\/\/www.mercatoria.es\/en\/wp-json\/wp\/v2\/users\/1"}],"replies":[{"embeddable":true,"href":"https:\/\/www.mercatoria.es\/en\/wp-json\/wp\/v2\/comments?post=4767"}],"version-history":[{"count":8,"href":"https:\/\/www.mercatoria.es\/en\/wp-json\/wp\/v2\/pages\/4767\/revisions"}],"predecessor-version":[{"id":5159,"href":"https:\/\/www.mercatoria.es\/en\/wp-json\/wp\/v2\/pages\/4767\/revisions\/5159"}],"wp:attachment":[{"href":"https:\/\/www.mercatoria.es\/en\/wp-json\/wp\/v2\/media?parent=4767"}],"curies":[{"name":"wp","href":"https:\/\/api.w.org\/{rel}","templated":true}]}}